{"id":10,"date":"2021-09-28T12:52:25","date_gmt":"2021-09-28T12:52:25","guid":{"rendered":"https:\/\/boutiqueabc.com\/valiquette\/?page_id=10"},"modified":"2024-12-18T14:27:39","modified_gmt":"2024-12-18T19:27:39","slug":"home","status":"publish","type":"page","link":"https:\/\/valiquette.org\/fr\/","title":{"rendered":"Home"},"content":{"rendered":"<div class=\"wpb-content-wrapper\"><p>[vc_row][vc_column]\n\t\t\t\t<p class=\"rs-p-wp-fix\"><\/p>\n\t\t\t\t<sr7-module data-alias=\"slider-1\" data-id=\"1\" id=\"SR7_1_1\" class=\"rs-ov-hidden\" data-version=\"6.7.41\">\n\t\t\t\t\t<sr7-adjuster><\/sr7-adjuster>\n\t\t\t\t\t<sr7-content>\n\t\t\t\t\t\t<sr7-slide id=\"SR7_1_1-1\" data-key=\"1\">\n\t\t\t\t\t\t<\/sr7-slide>\n\t\t\t\t\t\t<sr7-slide id=\"SR7_1_1-2\" data-key=\"2\">\n\t\t\t\t\t\t\t<p id=\"SR7_1_1-2-1\" class=\"sr7-layer\">Des choses excitantes se passent \u00e0 la Fondation Valiquette : tutorat, cours de codage, cours de fran\u00e7ais et d\u2019anglais! Nous faisons fi\u00e8rement partie de la communaut\u00e9 et ce, depuis 12 ans. Nous aimerions recevoir votre soutien avant cette p\u00e9riode des f\u00eates pour continuer \u00e0 faire avancer nos projets pour de nombreuses ann\u00e9es encore!<\/p>\n\t\t\t\t\t\t\t<p id=\"SR7_1_1-2-2\" class=\"sr7-layer\"><b>Veuillez faire un don et partager !<\/b><\/p>\n\t\t\t\t\t\t\t<p id=\"SR7_1_1-2-3\" class=\"sr7-layer\">Merci pour votre soutien continu,<\/br><br \/>\n<span style=\"font-weight: bold; color: #a31d36;\">La Fondation Valiquette<\/span><\/p>\n\t\t\t\t\t\t<\/sr7-slide>\n\t\t\t\t\t\t<sr7-slide id=\"SR7_1_1-3\" data-key=\"3\">\n\t\t\t\t\t\t\t<h3 id=\"SR7_1_1-3-6\" class=\"sr7-layer\">Faire un don !<\/h3>\n\t\t\t\t\t\t\t<p id=\"SR7_1_1-3-7\" class=\"sr7-layer\">Cliquez ici pour faire un don \u00e0 la Fondation Valiquette en utilisant Canada Helps<\/p>\n\t\t\t\t\t\t\t<p id=\"SR7_1_1-3-8\" class=\"sr7-layer\">Vous pouvez \u00e9galement faire un don par ch\u00e8que, en esp\u00e8ces ou via Interac.<\/p>\n\t\t\t\t\t\t<\/sr7-slide>\n\t\t\t\t\t\t<sr7-slide id=\"SR7_1_1-4\" data-key=\"4\">\n\t\t\t\t\t\t<\/sr7-slide>\n\t\t\t\t\t<\/sr7-content>\n\t\t\t\t\t<image_lists style=\"display:none\">\n\t\t\t\t\t\t<img data-src=\"\/\/valiquette.org\/fr\/wp-content\/uploads\/revslider\/slider-1\/donate-min-min1.jpg\" data-libid=\"2182\" data-lib=\"medialibrary\" title=\"donate-min-min1.jpg\" width=\"0\" height=\"0\" data-dbsrc=\"Ly92YWxpcXVldHRlLm9yZy9mci93cC1jb250ZW50L3VwbG9hZHMvcmV2c2xpZGVyL3NsaWRlci0xL2RvbmF0ZS1taW4tbWluMS5qcGc=\"\/>\n\t\t\t\t\t\t<img data-src=\"\/\/valiquette.org\/fr\/wp-content\/uploads\/2024\/12\/Fair-un-don-min.png.webp\" data-libid=\"2183\" data-lib=\"medialibrary\" title=\"Fair-un-don-min.png\" width=\"0\" height=\"0\" data-dbsrc=\"Ly92YWxpcXVldHRlLm9yZy9mci93cC1jb250ZW50L3VwbG9hZHMvMjAyNC8xMi9GYWlyLXVuLWRvbi1taW4ucG5nLndlYnA=\"\/>\n\t\t\t\t\t<\/image_lists>\n\t\t\t\t<\/sr7-module>\n\t\t\t\t<script>\n\t\t\t\t\tSR7.PMH ??={}; SR7.PMH[\"SR7_1_1\"] = {cn:100,state:false,fn: function() { if (_tpt!==undefined && _tpt.prepareModuleHeight !== undefined) {  _tpt.prepareModuleHeight({id:\"SR7_1_1\",el:[420,420,320,320,400],type:'standard',shdw:'0',gh:[420,420,320,320,400],gw:[1240,1240,1024,1024,480],vpt:['-100px&#039;,&#039;-100px&#039;,&#039;-100px&#039;,&#039;-100px&#039;,&#039;-100px'],size:{fullWidth:true, fullHeight:false},mh:'0',onh:0,onw:0,bg:{color:'{\"orig\":\"transparent\",\"type\":\"solid\",\"string\":\"transparent\"}'}});   SR7.PMH[\"SR7_1_1\"].state=true;} else if(SR7.PMH[\"SR7_1_1\"].cn-->0)\tsetTimeout( SR7.PMH[\"SR7_1_1\"].fn,19);}};SR7.PMH[\"SR7_1_1\" ].fn();\n\t\t\t\t<\/script>\n[\/vc_column][\/vc_row][vc_row][vc_column][vc_separator css=\u00a0\u00bb.vc_custom_1713869330841{margin-bottom: 15px !important;}\u00a0\u00bb][\/vc_column][\/vc_row][vc_row gap=\u00a0\u00bb30&Prime; equal_height=\u00a0\u00bbyes\u00a0\u00bb content_placement=\u00a0\u00bbmiddle\u00a0\u00bb css=\u00a0\u00bb.vc_custom_1728570865434{margin-top: 30px !important;}\u00a0\u00bb][vc_column][vc_custom_heading text=\u00a0\u00bbDes r\u00e9sultats qui comptent : notre impact depuis 2012&Prime; font_container=\u00a0\u00bbtag:h2|text_align:center|color:%23a31d36&Prime; use_theme_fonts=\u00a0\u00bbyes\u00a0\u00bb css=\u00a0\u00bb\u00a0\u00bb el_class=\u00a0\u00bbtxt-700&Prime;][\/vc_column][vc_column width=\u00a0\u00bb1\/3&Prime; css=\u00a0\u00bb.vc_custom_1728570631315{padding-top: 50px !important;padding-right: 20px !important;padding-bottom: 50px !important;padding-left: 20px !important;background-color: #27397C !important;border-radius: 20px !important;}\u00a0\u00bb][vc_custom_heading text=\u00a0\u00bb+3.000 \u00c9tudiants\u00a0\u00bb font_container=\u00a0\u00bbtag:h2|text_align:center|color:%23FFFFFF\u00a0\u00bb use_theme_fonts=\u00a0\u00bbyes\u00a0\u00bb css=\u00a0\u00bb\u00a0\u00bb el_class=\u00a0\u00bbtxt-700&Prime;][vc_custom_heading text=\u00a0\u00bbInscrit \u00e0 nos universitaires.\u00a0\u00bb font_container=\u00a0\u00bbtag:p|font_size:18px|text_align:center|color:%23FFFFFF\u00a0\u00bb use_theme_fonts=\u00a0\u00bbyes\u00a0\u00bb css=\u00a0\u00bb\u00a0\u00bb][\/vc_column][vc_column width=\u00a0\u00bb1\/3&Prime; css=\u00a0\u00bb.vc_custom_1728570717465{padding-top: 50px !important;padding-right: 20px !important;padding-bottom: 50px !important;padding-left: 20px !important;background-color: #27397C !important;border-radius: 20px !important;}\u00a0\u00bb][vc_custom_heading text=\u00a0\u00bb+9.000 Campeurs\u00a0\u00bb font_container=\u00a0\u00bbtag:h2|text_align:center|color:%23FFFFFF\u00a0\u00bb use_theme_fonts=\u00a0\u00bbyes\u00a0\u00bb css=\u00a0\u00bb\u00a0\u00bb el_class=\u00a0\u00bbtxt-700&Prime;][vc_custom_heading text=\u00a0\u00bbInscrit \u00e0 nos camps.\u00a0\u00bb font_container=\u00a0\u00bbtag:p|font_size:18px|text_align:center|color:%23FFFFFF\u00a0\u00bb use_theme_fonts=\u00a0\u00bbyes\u00a0\u00bb css=\u00a0\u00bb\u00a0\u00bb][\/vc_column][vc_column width=\u00a0\u00bb1\/3&Prime; css=\u00a0\u00bb.vc_custom_1728570761319{padding-top: 50px !important;padding-right: 20px !important;padding-bottom: 50px !important;padding-left: 20px !important;background-color: #27397C !important;border-radius: 20px !important;}\u00a0\u00bb][vc_custom_heading text=\u00a0\u00bb+100 Jeunes Embauch\u00e9s\u00a0\u00bb font_container=\u00a0\u00bbtag:h2|text_align:center|color:%23FFFFFF\u00a0\u00bb use_theme_fonts=\u00a0\u00bbyes\u00a0\u00bb css=\u00a0\u00bb\u00a0\u00bb el_class=\u00a0\u00bbtxt-700&Prime;][vc_custom_heading text=\u00a0\u00bbInt\u00e9gr\u00e9 aux r\u00f4les professionnels.\u00a0\u00bb font_container=\u00a0\u00bbtag:p|font_size:18px|text_align:center|color:%23FFFFFF\u00a0\u00bb use_theme_fonts=\u00a0\u00bbyes\u00a0\u00bb css=\u00a0\u00bb\u00a0\u00bb][\/vc_column][\/vc_row][vc_row css=\u00a0\u00bb.vc_custom_1728570810884{margin-top: 50px !important;}\u00a0\u00bb][vc_column][vc_separator css=\u00a0\u00bb.vc_custom_1713869330841{margin-bottom: 15px !important;}\u00a0\u00bb][\/vc_column][\/vc_row][vc_row content_placement=\u00a0\u00bbtop\u00a0\u00bb css=\u00a0\u00bb.vc_custom_1728570824488{margin-top: 50px !important;}\u00a0\u00bb][vc_column width=\u00a0\u00bb1\/3&Prime; css=\u00a0\u00bb.vc_custom_1632840014638{padding-top: 0px !important;}\u00a0\u00bb el_class=\u00a0\u00bbm-top\u00a0\u00bb][vc_single_image image=\u00a0\u00bb1723&Prime; img_size=\u00a0\u00bbfull\u00a0\u00bb css=\u00a0\u00bb.vc_custom_1713792624365{margin-bottom: 15px !important;}\u00a0\u00bb][vc_custom_heading text=\u00a0\u00bbAcad\u00e9mie Valiquette\u00a0\u00bb font_container=\u00a0\u00bbtag:h5|text_align:left|color:%2327397c\u00a0\u00bb use_theme_fonts=\u00a0\u00bbyes\u00a0\u00bb css=\u00a0\u00bb.vc_custom_1714071368961{margin-bottom: 15px !important;}\u00a0\u00bb][vc_column_text css=\u00a0\u00bb.vc_custom_1714480016799{margin-bottom: 15px !important;}\u00a0\u00bb]L&rsquo;Acad\u00e9mie Valiquette propose un programme d&rsquo;enseignement compl\u00e9mentaire distinctif qui int\u00e8gre la scolarit\u00e9 poss\u00e9dant des comp\u00e9tences sociales et r\u00e9elles, int\u00e9grant des cours sur des sujets non traditionnels comme l&rsquo;intelligence \u00e9motionnelle et la litt\u00e9ratie financi\u00e8re. Nous pensons que cette combinaison conduit les individus \u00e0 \u00eatre mieux \u00e9quip\u00e9s pour r\u00e9ussir \u00e0 l\u2019int\u00e9rieur et \u00e0 l\u2019ext\u00e9rieur de la structure scolaire.[\/vc_column_text][\/vc_column][vc_column width=\u00a0\u00bb1\/3&Prime; css=\u00a0\u00bb.vc_custom_1632838334660{padding-top: 0px !important;}\u00a0\u00bb][vc_single_image image=\u00a0\u00bb1724&Prime; img_size=\u00a0\u00bbfull\u00a0\u00bb css=\u00a0\u00bb.vc_custom_1713792637781{margin-bottom: 15px !important;}\u00a0\u00bb][vc_custom_heading text=\u00a0\u00bbCamps Valiquette\u00a0\u00bb font_container=\u00a0\u00bbtag:h5|text_align:left|color:%2327397c\u00a0\u00bb use_theme_fonts=\u00a0\u00bbyes\u00a0\u00bb css=\u00a0\u00bb.vc_custom_1714071376979{margin-bottom: 15px !important;}\u00a0\u00bb][vc_column_text css=\u00a0\u00bb.vc_custom_1714480048663{margin-bottom: 15px !important;}\u00a0\u00bb]Intelligent, sportif, artistique, ludique! En plus de l&rsquo;accessibilit\u00e9 et du prix abordable, nos camps combinent les activit\u00e9s de camp traditionnelles avec un enseignement acad\u00e9mique. Lorsque les campeurs retournent \u00e0 l\u2019\u00e9cole, ils ont am\u00e9lior\u00e9 leurs r\u00e9sultats scolaires et il y a une diff\u00e9rence notable dans leurs capacit\u00e9s cognitives, leur confiance en eux et leur motivation.[\/vc_column_text][\/vc_column][vc_column width=\u00a0\u00bb1\/3&Prime; css=\u00a0\u00bb.vc_custom_1632838339844{padding-top: 0px !important;}\u00a0\u00bb][vc_single_image image=\u00a0\u00bb1725&Prime; img_size=\u00a0\u00bbfull\u00a0\u00bb css=\u00a0\u00bb.vc_custom_1713792650015{margin-bottom: 15px !important;}\u00a0\u00bb][vc_custom_heading text=\u00a0\u00bbSucc\u00e8s Valiquette\u00a0\u00bb font_container=\u00a0\u00bbtag:h5|text_align:left|color:%2327397c\u00a0\u00bb use_theme_fonts=\u00a0\u00bbyes\u00a0\u00bb css=\u00a0\u00bb.vc_custom_1714480059093{margin-bottom: 15px !important;}\u00a0\u00bb][vc_column_text css=\u00a0\u00bb.vc_custom_1714480081559{margin-bottom: 15px !important;}\u00a0\u00bb]Le programme vise \u00e0 d\u00e9velopper strat\u00e9giquement les comp\u00e9tences des enfants de 5 \u00e0 20 ans. En plus de la scolarit\u00e9, les personnes inscrites au programme recevront des conseils financiers, auront des opportunit\u00e9s d&#8217;emploi et d\u00e9velopperont leur sens professionnel de sorte qu&rsquo;au moment o\u00f9 ils seront des jeunes adultes, ils seront \u00e9quip\u00e9s des outils n\u00e9cessaires pour mener une vie heureuse et r\u00e9ussie.[\/vc_column_text][\/vc_column][\/vc_row][vc_row full_width=\u00a0\u00bbstretch_row\u00a0\u00bb content_placement=\u00a0\u00bbmiddle\u00a0\u00bb css=\u00a0\u00bb.vc_custom_1708699946776{margin-top: 50px !important;padding-top: 75px !important;padding-bottom: 75px !important;background-color: #27397c !important;}\u00a0\u00bb][vc_column width=\u00a0\u00bb2\/3&Prime; css=\u00a0\u00bb.vc_custom_1632841209499{padding-top: 0px !important;}\u00a0\u00bb][vc_custom_heading text=\u00a0\u00bbLancez votre enfant sur la voie du succ\u00e8s&#8230;\u00a0\u00bb font_container=\u00a0\u00bbtag:h3|text_align:left|color:%23ffffff\u00a0\u00bb use_theme_fonts=\u00a0\u00bbyes\u00a0\u00bb css=\u00a0\u00bb.vc_custom_1714071396824{margin-bottom: 0px !important;}\u00a0\u00bb][\/vc_column][vc_column width=\u00a0\u00bb1\/3&Prime; css=\u00a0\u00bb.vc_custom_1632841205609{padding-top: 0px !important;}\u00a0\u00bb][mvc_advanced_button align=\u00a0\u00bbcenter\u00a0\u00bb btn_text=\u00a0\u00bbINSCRIVEZ-VOUS MAINTENANT !\u00a0\u00bb padding_top=\u00a0\u00bb15&Prime; padding_left=\u00a0\u00bb50&Prime; use_theme_fonts=\u00a0\u00bbyes\u00a0\u00bb btn_url=\u00a0\u00bburl:https%3A%2F%2Fvaliquette.org%2Ffr%2Fcontact%2F\u00a0\u00bb btn_clr=\u00a0\u00bb#a31d36&Prime; btn_bg=\u00a0\u00bb#f9f3de\u00a0\u00bb btn_hvrclr=\u00a0\u00bb#f9f3de\u00a0\u00bb btn_hvrbg=\u00a0\u00bb#a31d36&Prime; classname=\u00a0\u00bbm-top\u00a0\u00bb][\/vc_column][\/vc_row][vc_row css=\u00a0\u00bb.vc_custom_1633012641631{margin-top: 50px !important;}\u00a0\u00bb][vc_column][vc_custom_heading text=\u00a0\u00bbT\u00e9moignages\u00a0\u00bb font_container=\u00a0\u00bbtag:h2|text_align:center|color:%23a31d36&Prime; use_theme_fonts=\u00a0\u00bbyes\u00a0\u00bb css=\u00a0\u00bb\u00a0\u00bb][vc_row_inner css=\u00a0\u00bb.vc_custom_1714680487136{margin-top: 30px !important;background-image: url(https:\/\/valiquette.org\/fr\/wp-content\/uploads\/2022\/10\/watermark-min.jpg?id=759) !important;background-position: center !important;background-repeat: no-repeat !important;background-size: contain !important;}\u00a0\u00bb][vc_column_inner][tm_carousel_father speed=\u00a0\u00bb5000&Prime; dotclr=\u00a0\u00bb#000000&Prime; dotsize=\u00a0\u00bb60&Prime; arrows=\u00a0\u00bbfalse\u00a0\u00bb][tm_carousel_son img_radius=\u00a0\u00bb50%\u00a0\u00bb titlesize=\u00a0\u00bb16&Prime; fontweight=\u00a0\u00bb700&Prime; image_id=\u00a0\u00bb316&Prime; img_width=\u00a0\u00bb100px\u00a0\u00bb img_height=\u00a0\u00bb100px\u00a0\u00bb title=\u00a0\u00bbJacqueline, Parente\u00a0\u00bb titleclr=\u00a0\u00bb#491f1a\u00a0\u00bb]<\/p>\n<p style=\"text-align: center;\"><em>La fondation l\u2019acad\u00e9mie Valiquette a permis \u00e0 notre fils de recevoir un tr\u00e8s haut niveau de tutorat m\u00eame apr\u00e8s que mon mari a perdu son emploi. Nous serons toujours tr\u00e8s reconnaissons ! Quelques mots d\u2019appr\u00e9ciation et de remerciement pour l\u2019Acad\u00e9mie Valiquette. Nous sommes tr\u00e8s satisfaits de l\u2019enseignement et de la supervision que notre fils Robert a re\u00e7u \u00e0 l\u2019Acad\u00e9mie Valiquette. Notre fils a fait de r\u00e9els progr\u00e8s pendant son parcours scolaire. Nous sommes originaire de France et donc notre fils ne pouvait pas se pratiquer \u00e0 parler anglais avec nous. Gr\u00e2ce aux efforts des professeurs de l\u2019acad\u00e9mie, Robert a appris \u00e0 bien communiquer en anglais lors de ses cours de fin de semaine. Gr\u00e2ce \u00e0 son s\u00e9jour \u00e0 leur camp d\u2019\u00e9t\u00e9, il a \u00e9galement am\u00e9lior\u00e9 son fran\u00e7ais et il peut d\u00e9sormais effectuer des calculs math\u00e9matiques de mani\u00e8re ind\u00e9pendante. Nous remercions chaleureusement l\u2019Acad\u00e9mie Valiquette pour leurs efforts, et nous les encourageons \u00e0 poursuivre le travail de formation et d\u2019orientation des futurs enfants de demain.<\/em><\/p>\n<p>[\/tm_carousel_son][tm_carousel_son img_radius=\u00a0\u00bb50%\u00a0\u00bb titlesize=\u00a0\u00bb16&Prime; fontweight=\u00a0\u00bb700&Prime; image_id=\u00a0\u00bb322&Prime; img_width=\u00a0\u00bb100px\u00a0\u00bb img_height=\u00a0\u00bb100px\u00a0\u00bb title=\u00a0\u00bbAleeza, 6e ann\u00e9e\u00a0\u00bb titleclr=\u00a0\u00bb#491f1a\u00a0\u00bb]<\/p>\n<p style=\"text-align: center;\"><em>Quand je suis arriv\u00e9 \u00e0 la Valiquette Academy, j\u2019\u00e9chouait en fran\u00e7ais et en math\u00e9matique, et mes autres notes n\u2019\u00e9taient pas beaucoup mieux. J\u2019avais beaucoup de difficult\u00e9 avec tous mes devoirs et mes travaux. D\u00e8s que j\u2019ai commenc\u00e9 \u00e0 l\u2019Acad\u00e9mie Valiquette, j\u2019ai su qu\u2019ils faisaient quelque chose de tr\u00e8s diff\u00e9rent et de tr\u00e8s sp\u00e9cial. Gr\u00e2ce \u00e0 eux, j\u2019ai appris \u00e0 lire et \u00e0 prendre des notes, \u00e0 \u00e9tudier, \u00e0 \u00e9crire des essais, et peut\u00eatre plus important encore, j\u2019ai appris \u00e0 rester concentr\u00e9 et \u00e0 pers\u00e9v\u00e9rer. Cela a pris un an, mais je suis pass\u00e9 de l\u2019\u00e9chec \u00e0 70% dans toutes mes mati\u00e8res. Maintenant que je suis \u00e0 ma deuxi\u00e8me ann\u00e9e avec l\u2019Acad\u00e9mie Valiquette, j\u2019obtiens parfois m\u00eame des r\u00e9sultats dans les 80%.<\/em><\/p>\n<p>[\/tm_carousel_son][tm_carousel_son img_radius=\u00a0\u00bb50%\u00a0\u00bb titlesize=\u00a0\u00bb16&Prime; fontweight=\u00a0\u00bb700&Prime; image_id=\u00a0\u00bb325&Prime; img_width=\u00a0\u00bb100px\u00a0\u00bb img_height=\u00a0\u00bb100px\u00a0\u00bb title=\u00a0\u00bbAura, 5e ann\u00e9e\u00a0\u00bb titleclr=\u00a0\u00bb#491f1a\u00a0\u00bb]<\/p>\n<p style=\"text-align: center;\"><em>Cher Jay, merci pour tout votre soutien, votre amour et votre aide. C\u2019est gr\u00e2ce \u00e0 votre \u00e9cole que je suis sur la liste d\u2019honneur et que j\u2019ai r\u00e9ussi. Merci de m\u2019avoir pouss\u00e9 dans mes devoirs. Merci de m\u2019apprendre que vous avez besoin de bonheur et d\u2019amour dans votre vie. C\u2019est \u00e0 cause de toi que je termine tous mes devoirs. Je ne sais pas ce qui m\u2019arriverait si je n\u2019\u00e9tais pas \u00e0 ton \u00e9cole. Je ne r\u00e9ussirais pas sans toi. C\u2019est \u00e0 cause de vous et de tous les professeurs que je n\u2019arr\u00eaterai pas de travailler dur. Vous \u00eates tous comme une famille pour moi. Je vous remercie!<\/em><\/p>\n<p>[\/tm_carousel_son][tm_carousel_son img_radius=\u00a0\u00bb50%\u00a0\u00bb titlesize=\u00a0\u00bb16&Prime; fontweight=\u00a0\u00bb700&Prime; image_id=\u00a0\u00bb760&Prime; img_width=\u00a0\u00bb100px\u00a0\u00bb img_height=\u00a0\u00bb100px\u00a0\u00bb title=\u00a0\u00bbAnonyme, Parent\u00a0\u00bb titleclr=\u00a0\u00bb#491f1a\u00a0\u00bb]<\/p>\n<p style=\"text-align: center;\"><em>J\u2019ai \u00e9t\u00e9 contact\u00e9e par l\u2019\u00e9cole de ma fille et ils m\u2019ont dit qu\u2019un centre de tutorat offrait des cours gratuits. Ma fille lit tous les soirs et passe des heures \u00e0 \u00e9tudier r\u00e9guli\u00e8rement, mais elle \u00e9c houe tout de m\u00eame. Mon mari et moi ne parlons pas fran\u00e7ais et nous ne pourrions jamais nous permettre de payer pour du tutorat. La Fondation l\u2019Acad\u00e9mie Valiquette a fait une diff\u00e9rence remarquable dans la vie de ma fille. Ils l\u2019ont acceullit pendant deux ans et lui ont permis de passer de l\u2019\u00e9chec \u00e0 l\u2019obtention de notes se rapprochant de 80-85% dans toutes ses mati\u00e8res. Plus important encore, elle est pass\u00e9e d\u2019une personne d\u00e9vast\u00e9e, d\u00e9sesp\u00e9r\u00e9e et incroyablement stress\u00e9e, \u00e0 une personne confiante et heureuse. La Fondation l\u2019Acad\u00e9mie Valiquette a sauv\u00e9 ma fille et elle lui a donn\u00e9 une chance r\u00e9elle de r\u00e9ussir dans la vie. Nous ne pouvons assez exprimer comment le travail qu\u2019ils accomplissent change la vie des enfants.<\/em><\/p>\n<p>[\/tm_carousel_son][tm_carousel_son img_radius=\u00a0\u00bb50%\u00a0\u00bb titlesize=\u00a0\u00bb16&Prime; fontweight=\u00a0\u00bb700&Prime; image_id=\u00a0\u00bb760&Prime; img_width=\u00a0\u00bb100px\u00a0\u00bb img_height=\u00a0\u00bb100px\u00a0\u00bb title=\u00a0\u00bbRose, m\u00e8re de Michael, Secondaire 3&Prime; titleclr=\u00a0\u00bb#491f1a\u00a0\u00bb]<\/p>\n<p style=\"text-align: center;\"><em>L\u2019Acad\u00e9mie Valiquette est plus que juste un centre de tutorat. Oui, les notes de mon fils se sont am\u00e9lior\u00e9es gr\u00e2ce au tutorat qu\u2019il a re\u00e7u, mais plus que cela, ses notes se sont am\u00e9lior\u00e9es parce qu\u2019il a appris \u00e0 \u00e9tudier, lire et prendre des notes, se pr\u00e9parer aux tests et examens et aux comp\u00e9tences d\u2019organisation. Plus particuli\u00e8rement, il m\u2019a dit qu\u2019il avait appris l\u2019importance d\u2019\u00eatre suffisamment mature pour comprendre ses responsabilit\u00e9s et prioriser son travail. Je constate enfin un changement positif dans l\u2019attitude de mon enfant.<\/em><\/p>\n<p>[\/tm_carousel_son][tm_carousel_son img_radius=\u00a0\u00bb50%\u00a0\u00bb titlesize=\u00a0\u00bb16&Prime; fontweight=\u00a0\u00bb700&Prime; image_id=\u00a0\u00bb760&Prime; img_width=\u00a0\u00bb100px\u00a0\u00bb img_height=\u00a0\u00bb100px\u00a0\u00bb title=\u00a0\u00bbAnonyme, P\u00e8re\u00a0\u00bb titleclr=\u00a0\u00bb#491f1a\u00a0\u00bb]<\/p>\n<p style=\"text-align: center;\"><em>Je suis tellement heureux de voir que quelqu\u2019un prend l\u2019initiative d\u2019aider les enfants de notre communaut\u00e9 de la mani\u00e8re la plus significative! Nous avons trois enfants qui travaillent tr\u00e8s fort \u00e0 l\u2019\u00e9cole mais qui n\u2019obtiennent toujours pas de notes satisfaisantes. Gr\u00e2ce \u00e0 la Fondation L\u2019Acad\u00e9mie Valiquette, le co\u00fbt de leurs tutorat et de leurs camps est subventionn\u00e9 nous ne pourrions pas nous le permettre autrement. Depuis qu\u2019ils ont fr\u00e9quent\u00e9 l\u2019Acad\u00e9mie, (notre a\u00een\u00e9 a particip\u00e9 depuis quatre ans jusqu\u2019\u00e0 pr\u00e9sent), tous ont am\u00e9lior\u00e9 leurs notes et sont devenus tr\u00e8s concentr\u00e9s et confiants.<\/em><\/p>\n<p>[\/tm_carousel_son][tm_carousel_son img_radius=\u00a0\u00bb50%\u00a0\u00bb titlesize=\u00a0\u00bb16&Prime; fontweight=\u00a0\u00bb700&Prime; image_id=\u00a0\u00bb318&Prime; img_width=\u00a0\u00bb100px\u00a0\u00bb img_height=\u00a0\u00bb100px\u00a0\u00bb title=\u00a0\u00bbArdemary, 6e ann\u00e9e\u00a0\u00bb titleclr=\u00a0\u00bb#491f1a\u00a0\u00bb]<\/p>\n<p style=\"text-align: center;\"><em>Cher Jay, merci pour tout ce que vous avez fait pour moi! Je suis tellement reconnaissante de vous avoir dans ma vie. Merci pour tout l\u2019amour et le soutien que vous m\u2019avez apport\u00e9. Je suis la personne la plus chanceuse du monde! Vous m\u2019avez enseign\u00e9 des le\u00e7ons de vie qu\u2019aucun autre enseignant ne m\u2019a apprises. Je ne peux pas expliquer en mots les choses que vous avez faites pour moi. Je suis sans voix. J\u2019esp\u00e8re que tout ce travail portera ses fruits.<\/em><\/p>\n<p>[\/tm_carousel_son][tm_carousel_son img_radius=\u00a0\u00bb50%\u00a0\u00bb titlesize=\u00a0\u00bb16&Prime; fontweight=\u00a0\u00bb700&Prime; image_id=\u00a0\u00bb760&Prime; img_width=\u00a0\u00bb100px\u00a0\u00bb img_height=\u00a0\u00bb100px\u00a0\u00bb title=\u00a0\u00bbAnonyme, Parent\u00a0\u00bb titleclr=\u00a0\u00bb#491f1a\u00a0\u00bb]<\/p>\n<p style=\"text-align: center;\"><em>La Fondation l\u2019Acad\u00e9mie Valiquette a permis \u00e0 notre fils de recevoir un tr\u00e8s haut niveau de tutorat m\u00eame apr\u00e8s que mon mari a perdu son emploi. Nous serons toujours tr\u00e8s reconnaissons !<\/em><\/p>\n<p>[\/tm_carousel_son][\/tm_carousel_father][\/vc_column_inner][\/vc_row_inner][\/vc_column][\/vc_row]<\/p>\n<\/div>","protected":false},"excerpt":{"rendered":"<p>[vc_row][vc_column][\/vc_column][\/vc_row][vc_row][vc_column][vc_separator css=\u00a0\u00bb.vc_custom_1713869330841{margin-bottom: 15px !important;}\u00a0\u00bb][\/vc_column][\/vc_row][vc_row gap=\u00a0\u00bb30&Prime; equal_height=\u00a0\u00bbyes\u00a0\u00bb content_placement=\u00a0\u00bbmiddle\u00a0\u00bb css=\u00a0\u00bb.vc_custom_1728570865434{margin-top: 30px !important;}\u00a0\u00bb][vc_column][vc_custom_heading text=\u00a0\u00bbDes r\u00e9sultats qui comptent : &#8230; <a title=\"Home\" class=\"read-more\" href=\"https:\/\/valiquette.org\/fr\/\" aria-label=\"Read more about Home\">Voir plus<\/a><\/p>\n","protected":false},"author":1,"featured_media":0,"parent":0,"menu_order":0,"comment_status":"closed","ping_status":"closed","template":"","meta":{"inline_featured_image":false,"footnotes":""},"class_list":["post-10","page","type-page","status-publish"],"_links":{"self":[{"href":"https:\/\/valiquette.org\/fr\/wp-json\/wp\/v2\/pages\/10","targetHints":{"allow":["GET"]}}],"collection":[{"href":"https:\/\/valiquette.org\/fr\/wp-json\/wp\/v2\/pages"}],"about":[{"href":"https:\/\/valiquette.org\/fr\/wp-json\/wp\/v2\/types\/page"}],"author":[{"embeddable":true,"href":"https:\/\/valiquette.org\/fr\/wp-json\/wp\/v2\/users\/1"}],"replies":[{"embeddable":true,"href":"https:\/\/valiquette.org\/fr\/wp-json\/wp\/v2\/comments?post=10"}],"version-history":[{"count":4,"href":"https:\/\/valiquette.org\/fr\/wp-json\/wp\/v2\/pages\/10\/revisions"}],"predecessor-version":[{"id":2184,"href":"https:\/\/valiquette.org\/fr\/wp-json\/wp\/v2\/pages\/10\/revisions\/2184"}],"wp:attachment":[{"href":"https:\/\/valiquette.org\/fr\/wp-json\/wp\/v2\/media?parent=10"}],"curies":[{"name":"wp","href":"https:\/\/api.w.org\/{rel}","templated":true}]}}