{"id":1680,"date":"2024-04-20T16:24:08","date_gmt":"2024-04-20T20:24:08","guid":{"rendered":"https:\/\/glcreativemedia.net\/valiquette\/?page_id=1680"},"modified":"2024-08-06T07:00:46","modified_gmt":"2024-08-06T11:00:46","slug":"a-venir","status":"publish","type":"page","link":"https:\/\/valiquette.org\/fr\/a-venir\/","title":{"rendered":"\u00c0 venir"},"content":{"rendered":"<div class=\"wpb-content-wrapper\"><p>[vc_row full_width=\u00a0\u00bbstretch_row_content\u00a0\u00bb el_id=\u00a0\u00bbhero-2&Prime; css=\u00a0\u00bb.vc_custom_1665675564168{padding-top: 30px !important;padding-bottom: 30px !important;background-color: #a31d36 !important;}\u00a0\u00bb][vc_column][vc_custom_heading text=\u00a0\u00bbPage \u00e0 venir\u00a0\u00bb font_container=\u00a0\u00bbtag:h2|text_align:center|color:%23ffffff\u00a0\u00bb use_theme_fonts=\u00a0\u00bbyes\u00a0\u00bb css=\u00a0\u00bb\u00a0\u00bb][vc_custom_heading text=\u00a0\u00bbCette page est en cours de construction\u00a0\u00bb font_container=\u00a0\u00bbtag:p|font_size:18px|text_align:center|color:%23ffffff\u00a0\u00bb use_theme_fonts=\u00a0\u00bbyes\u00a0\u00bb css=\u00a0\u00bb\u00a0\u00bb][\/vc_column][\/vc_row][vc_row css=\u00a0\u00bb.vc_custom_1713644661768{padding-top: 100px !important;padding-bottom: 100px !important;}\u00a0\u00bb][vc_column][vc_column_text css=\u00a0\u00bb\u00a0\u00bb]<\/p>\n<p style=\"text-align: center; font-size: 20px;\">Nous sommes d\u00e9sol\u00e9s pour la g\u00eane occasionn\u00e9e mais cette page est en construction et elle sera disponible d\u00e8s que possible. Veuillez revenir plus tard.<\/p>\n<p>[\/vc_column_text][\/vc_column][\/vc_row]<\/p>\n<\/div>","protected":false},"excerpt":{"rendered":"<p>[vc_row full_width=\u00a0\u00bbstretch_row_content\u00a0\u00bb el_id=\u00a0\u00bbhero-2&Prime; css=\u00a0\u00bb.vc_custom_1665675564168{padding-top: 30px !important;padding-bottom: 30px !important;background-color: #a31d36 !important;}\u00a0\u00bb][vc_column][vc_custom_heading text=\u00a0\u00bbPage \u00e0 venir\u00a0\u00bb font_container=\u00a0\u00bbtag:h2|text_align:center|color:%23ffffff\u00a0\u00bb use_theme_fonts=\u00a0\u00bbyes\u00a0\u00bb &#8230; <a title=\"\u00c0 venir\" class=\"read-more\" href=\"https:\/\/valiquette.org\/fr\/a-venir\/\" aria-label=\"Read more about \u00c0 venir\">Voir plus<\/a><\/p>\n","protected":false},"author":1,"featured_media":0,"parent":0,"menu_order":0,"comment_status":"closed","ping_status":"closed","template":"","meta":{"inline_featured_image":false,"footnotes":""},"class_list":["post-1680","page","type-page","status-publish"],"_links":{"self":[{"href":"https:\/\/valiquette.org\/fr\/wp-json\/wp\/v2\/pages\/1680","targetHints":{"allow":["GET"]}}],"collection":[{"href":"https:\/\/valiquette.org\/fr\/wp-json\/wp\/v2\/pages"}],"about":[{"href":"https:\/\/valiquette.org\/fr\/wp-json\/wp\/v2\/types\/page"}],"author":[{"embeddable":true,"href":"https:\/\/valiquette.org\/fr\/wp-json\/wp\/v2\/users\/1"}],"replies":[{"embeddable":true,"href":"https:\/\/valiquette.org\/fr\/wp-json\/wp\/v2\/comments?post=1680"}],"version-history":[{"count":1,"href":"https:\/\/valiquette.org\/fr\/wp-json\/wp\/v2\/pages\/1680\/revisions"}],"predecessor-version":[{"id":2141,"href":"https:\/\/valiquette.org\/fr\/wp-json\/wp\/v2\/pages\/1680\/revisions\/2141"}],"wp:attachment":[{"href":"https:\/\/valiquette.org\/fr\/wp-json\/wp\/v2\/media?parent=1680"}],"curies":[{"name":"wp","href":"https:\/\/api.w.org\/{rel}","templated":true}]}}