{"id":2069,"date":"2024-05-22T09:50:01","date_gmt":"2024-05-22T13:50:01","guid":{"rendered":"https:\/\/valiquette.org\/fr\/?page_id=2069"},"modified":"2025-04-14T07:17:54","modified_gmt":"2025-04-14T11:17:54","slug":"notre-approche","status":"publish","type":"page","link":"https:\/\/valiquette.org\/fr\/notre-approche\/","title":{"rendered":"Notre Approche"},"content":{"rendered":"<div class=\"wpb-content-wrapper\"><p>[vc_row full_width=\u00a0\u00bbstretch_row_content\u00a0\u00bb css=\u00a0\u00bb.vc_custom_1712157591954{padding-top: 10px !important;padding-bottom: 10px !important;background-color: #a31d36 !important;}\u00a0\u00bb][vc_column][vc_custom_heading text=\u00a0\u00bb5 piliers\u00a0\u00bb font_container=\u00a0\u00bbtag:h2|text_align:center|color:%23ffffff\u00a0\u00bb use_theme_fonts=\u00a0\u00bbyes\u00a0\u00bb css=\u00a0\u00bb\u00a0\u00bb][vc_custom_heading text=\u00a0\u00bbNotre objectif est d&rsquo;amener les \u00e9tudiants \u00e0 l&rsquo;obtention du dipl\u00f4me et au-del\u00e0.\u00a0\u00bb font_container=\u00a0\u00bbtag:p|font_size:18px|text_align:center|color:%23ffffff\u00a0\u00bb use_theme_fonts=\u00a0\u00bbyes\u00a0\u00bb css=\u00a0\u00bb\u00a0\u00bb][\/vc_column][\/vc_row][vc_row gap=\u00a0\u00bb15&Prime; content_placement=\u00a0\u00bbmiddle\u00a0\u00bb css=\u00a0\u00bb.vc_custom_1716385610792{margin-top: 30px !important;}\u00a0\u00bb][vc_column][vc_custom_heading text=\u00a0\u00bbNotre approche\u00a0\u00bb font_container=\u00a0\u00bbtag:h3|text_align:center|color:%23a31d36&Prime; use_theme_fonts=\u00a0\u00bbyes\u00a0\u00bb css=\u00a0\u00bb\u00a0\u00bb][vc_column_text css=\u00a0\u00bb\u00a0\u00bb]<\/p>\n<p style=\"text-align: center;\">Notre approche th\u00e9orique est structur\u00e9e autour de trois principes directeurs.<\/p>\n<p>[\/vc_column_text][vc_row_inner css=\u00a0\u00bb.vc_custom_1716385521079{margin-top: 30px !important;}\u00a0\u00bb][vc_column_inner width=\u00a0\u00bb1\/3&Prime;][vc_single_image image=\u00a0\u00bb2070&Prime; img_size=\u00a0\u00bbfull\u00a0\u00bb alignment=\u00a0\u00bbcenter\u00a0\u00bb css=\u00a0\u00bb\u00a0\u00bb][vc_column_text css=\u00a0\u00bb\u00a0\u00bb]<\/p>\n<p style=\"text-align: center;\">Le succ\u00e8s commence par de bonnes habitudes.<\/p>\n<p>[\/vc_column_text][\/vc_column_inner][vc_column_inner width=\u00a0\u00bb1\/3&Prime;][vc_single_image image=\u00a0\u00bb2071&Prime; img_size=\u00a0\u00bbfull\u00a0\u00bb alignment=\u00a0\u00bbcenter\u00a0\u00bb css=\u00a0\u00bb\u00a0\u00bb][vc_column_text css=\u00a0\u00bb\u00a0\u00bb]<\/p>\n<p style=\"text-align: center;\">Identifiez les domaines dans lesquels un enfant excelle et poussez dans cette direction tout en am\u00e9liorant le(s) domaine(s) o\u00f9 il fait d\u00e9faut.<\/p>\n<p>[\/vc_column_text][\/vc_column_inner][vc_column_inner width=\u00a0\u00bb1\/3&Prime;][vc_single_image image=\u00a0\u00bb2072&Prime; img_size=\u00a0\u00bbfull\u00a0\u00bb alignment=\u00a0\u00bbcenter\u00a0\u00bb css=\u00a0\u00bb\u00a0\u00bb][vc_column_text css=\u00a0\u00bb\u00a0\u00bb]<\/p>\n<p style=\"text-align: center;\">Le succ\u00e8s est le r\u00e9sultat d\u2019une vision, de l\u2019autodiscipline, du temps et des efforts.<\/p>\n<p>[\/vc_column_text][\/vc_column_inner][\/vc_row_inner][\/vc_column][\/vc_row][vc_row full_width=\u00a0\u00bbstretch_row\u00a0\u00bb content_placement=\u00a0\u00bbmiddle\u00a0\u00bb css=\u00a0\u00bb.vc_custom_1716385741317{margin-top: 30px !important;padding-top: 30px !important;padding-bottom: 30px !important;background-color: #27397c !important;}\u00a0\u00bb][vc_column][vc_custom_heading text=\u00a0\u00bb\u00abDe temps en temps, en tant que parent, une opportunit\u00e9 se pr\u00e9sente qui a le potentiel d\u2019amener un grand changement positif pour nos enfants. Jay Valiquette et son approche, \u00e0 la fois de l\u2019\u00e9ducation et du mentorat, pour nos enfants et adolescents est l\u2019une des ces rares opportunit\u00e9s. Les \u00e9coles, les gouvernements et les parents devraient faire attention, car l\u2019avenir de la scolarit\u00e9 est illustr\u00e9 par l\u2019enseignement, les paroles et les actions de M. Valiquette.\u00bb\u00a0\u00bb font_container=\u00a0\u00bbtag:h3|font_size:20px|text_align:center|color:%23ffffff|line_height:1.5&Prime; use_theme_fonts=\u00a0\u00bbyes\u00a0\u00bb css=\u00a0\u00bb\u00a0\u00bb el_id=\u00a0\u00bbtxt-400&Prime;][vc_custom_heading text=\u00a0\u00bbDave Mackey, Parent\u00a0\u00bb font_container=\u00a0\u00bbtag:h5|text_align:center|color:%238a9571&Prime; use_theme_fonts=\u00a0\u00bbyes\u00a0\u00bb css=\u00a0\u00bb\u00a0\u00bb][\/vc_column][\/vc_row][vc_row css=\u00a0\u00bb.vc_custom_1716385754342{margin-top: 30px !important;}\u00a0\u00bb][vc_column][vc_custom_heading text=\u00a0\u00bbNous utilisons cinq piliers pour enseigner \u00e0 nos \u00e9tudiants les \u00e9tapes pratiques du succ\u00e8s.\u00a0\u00bb font_container=\u00a0\u00bbtag:h4|text_align:center|color:%23222222&Prime; use_theme_fonts=\u00a0\u00bbyes\u00a0\u00bb css=\u00a0\u00bb\u00a0\u00bb][vc_column_text css=\u00a0\u00bb\u00a0\u00bb]<\/p>\n<p style=\"text-align: center;\">Nos cinq piliers sont : l&rsquo;esprit, le corps, l&rsquo;esprit, la famille et les amis, et les finances. Ce sont les cinq domaines dans lesquels les gens doivent exceller pour r\u00e9ussir pleinement. L\u2019enfant id\u00e9al r\u00e9ussit parce qu\u2019il incarne ces domaines de mani\u00e8re \u00e9quilibr\u00e9e. En m\u00eame temps, il n\u2019y a pas d\u2019absolu, donc 80 % dans chaque pilier est une belle r\u00e9ussite !<\/p>\n<p>[\/vc_column_text][vc_row_inner][vc_column_inner width=\u00a0\u00bb1\/6&Prime;][\/vc_column_inner][vc_column_inner width=\u00a0\u00bb2\/3&Prime;][vc_single_image image=\u00a0\u00bb2073&Prime; img_size=\u00a0\u00bbfull\u00a0\u00bb alignment=\u00a0\u00bbcenter\u00a0\u00bb css=\u00a0\u00bb\u00a0\u00bb el_id=\u00a0\u00bbsvg-img\u00a0\u00bb][\/vc_column_inner][vc_column_inner width=\u00a0\u00bb1\/6&Prime;][\/vc_column_inner][\/vc_row_inner][\/vc_column][\/vc_row][vc_row css=\u00a0\u00bb.vc_custom_1716385774899{margin-top: 30px !important;}\u00a0\u00bb][vc_column][vc_column_text css=\u00a0\u00bb\u00a0\u00bb]<strong>Mind<\/strong> &#8211; Success commence par la d\u00e9cision de vouloir r\u00e9ussir. Nous travaillons sp\u00e9cifiquement pour cr\u00e9er une atmosph\u00e8re qui incite nos \u00e9tudiants \u00e0 vouloir s&rsquo;am\u00e9liorer. Nous engageons continuellement un dialogue qui les aide \u00e0 devenir des penseurs courageux, ind\u00e9pendants et lat\u00e9raux.<\/p>\n<p><strong>Corps<\/strong> &#8211; Lorsque nous demandons \u00e0 quelqu&rsquo;un de r\u00e9aliser, il est imp\u00e9ratif que nous le dotions des outils pour le faire. Renforcer le corps est le moyen le plus rapide de d\u00e9velopper la d\u00e9termination, la t\u00e9nacit\u00e9 et le courage n\u00e9cessaires pour y parvenir. Il y a aussi quelque chose dans la construction d\u2019un corps fort qui renforce la fiert\u00e9. Cela permet \u00e0 quelqu\u2019un de voir tr\u00e8s rapidement les b\u00e9n\u00e9fices qui r\u00e9sultent d\u2019une action.<\/p>\n<p><strong>L&rsquo;esprit<\/strong> &#8211; fait r\u00e9f\u00e9rence \u00e0 un certain nombre de choses qui rel\u00e8vent de l&rsquo;intelligence \u00e9motionnelle. Pour nos \u00e9tudiants, c&rsquo;est avant tout le d\u00e9sir de r\u00e9ussir et la volont\u00e9 de faire le travail. Nous faisons tout ce que nous pouvons pour doter les \u00e9tudiants de la capacit\u00e9, du courage, de s\u2019imposer dans une position de pouvoir. La croissance d\u2019un enfant devrait lui permettre de devenir un membre positif du tissu social.<\/p>\n<p><strong>La famille et les amis<\/strong> &#8211; illustrent l&rsquo;id\u00e9e \u00ab Vous obtenez ce que vous donnez \u00bb. Les relations avec les autres commencent par une compr\u00e9hension claire de la relation avec nous-m\u00eames. On ne peut pas se d\u00e9tester pour obtenir une meilleure version de soi-m\u00eame, cela ne peut venir que d\u2019un lieu d\u2019amour. Si les enfants apprennent \u00e0 construire une base personnelle solide et flexible, ils seront alors capables de construire des relations saines avec leur famille et leurs amis. Comprendre ce qu&rsquo;est un ami, que les relations sont une question de concessions mutuelles et que ce n&rsquo;est pas une question de nombre d&rsquo;amis qu&rsquo;une personne a mais de la qualit\u00e9 de ces personnes, est la base essentielle n\u00e9cessaire pour d\u00e9velopper des liens personnels et professionnels solides.<\/p>\n<p><strong>Finances<\/strong> &#8211; Dans notre approche de l&rsquo;enseignement des finances, \u00ab on est embauch\u00e9 en fonction des comp\u00e9tences qu&rsquo;on apporte \u00bb.<\/p>\n<p>Au cours de la derni\u00e8re \u00e9tape, \u00e0 mesure que l&rsquo;enfant deviendra un jeune adulte et fera la transition vers le march\u00e9 du travail, il disposera de tous les ingr\u00e9dients n\u00e9cessaires pour devenir un professionnel et une personne \u00e0 succ\u00e8s.[\/vc_column_text][\/vc_column][\/vc_row]<\/p>\n<\/div>","protected":false},"excerpt":{"rendered":"<p>[vc_row full_width=\u00a0\u00bbstretch_row_content\u00a0\u00bb css=\u00a0\u00bb.vc_custom_1712157591954{padding-top: 10px !important;padding-bottom: 10px !important;background-color: #a31d36 !important;}\u00a0\u00bb][vc_column][vc_custom_heading text=\u00a0\u00bb5 piliers\u00a0\u00bb font_container=\u00a0\u00bbtag:h2|text_align:center|color:%23ffffff\u00a0\u00bb use_theme_fonts=\u00a0\u00bbyes\u00a0\u00bb css=\u00a0\u00bb\u00a0\u00bb][vc_custom_heading text=\u00a0\u00bbNotre &#8230; <a title=\"Notre Approche\" class=\"read-more\" href=\"https:\/\/valiquette.org\/fr\/notre-approche\/\" aria-label=\"Read more about Notre Approche\">Voir plus<\/a><\/p>\n","protected":false},"author":1,"featured_media":0,"parent":0,"menu_order":0,"comment_status":"closed","ping_status":"closed","template":"","meta":{"inline_featured_image":false,"footnotes":""},"class_list":["post-2069","page","type-page","status-publish"],"_links":{"self":[{"href":"https:\/\/valiquette.org\/fr\/wp-json\/wp\/v2\/pages\/2069","targetHints":{"allow":["GET"]}}],"collection":[{"href":"https:\/\/valiquette.org\/fr\/wp-json\/wp\/v2\/pages"}],"about":[{"href":"https:\/\/valiquette.org\/fr\/wp-json\/wp\/v2\/types\/page"}],"author":[{"embeddable":true,"href":"https:\/\/valiquette.org\/fr\/wp-json\/wp\/v2\/users\/1"}],"replies":[{"embeddable":true,"href":"https:\/\/valiquette.org\/fr\/wp-json\/wp\/v2\/comments?post=2069"}],"version-history":[{"count":5,"href":"https:\/\/valiquette.org\/fr\/wp-json\/wp\/v2\/pages\/2069\/revisions"}],"predecessor-version":[{"id":2676,"href":"https:\/\/valiquette.org\/fr\/wp-json\/wp\/v2\/pages\/2069\/revisions\/2676"}],"wp:attachment":[{"href":"https:\/\/valiquette.org\/fr\/wp-json\/wp\/v2\/media?parent=2069"}],"curies":[{"name":"wp","href":"https:\/\/api.w.org\/{rel}","templated":true}]}}