{"id":2673,"date":"2025-04-14T07:37:41","date_gmt":"2025-04-14T11:37:41","guid":{"rendered":"https:\/\/valiquette.org\/?page_id=2673"},"modified":"2025-04-23T06:59:41","modified_gmt":"2025-04-23T10:59:41","slug":"evenements","status":"publish","type":"page","link":"https:\/\/valiquette.org\/fr\/evenements\/","title":{"rendered":"\u00c9v\u00e9nements"},"content":{"rendered":"<div class=\"wpb-content-wrapper\"><p>[vc_row full_width=\u00a0\u00bbstretch_row_content\u00a0\u00bb el_id=\u00a0\u00bbhero-2&Prime; css=\u00a0\u00bb.vc_custom_1665674566622{padding-top: 30px !important;padding-bottom: 30px !important;background-color: #a31d36 !important;}\u00a0\u00bb][vc_column][vc_custom_heading text=\u00a0\u00bb\u00c9v\u00e9nements\u00a0\u00bb font_container=\u00a0\u00bbtag:h2|text_align:center|color:%23ffffff\u00a0\u00bb use_theme_fonts=\u00a0\u00bbyes\u00a0\u00bb css=\u00a0\u00bb\u00a0\u00bb][vc_custom_heading text=\u00a0\u00bbVoir nos derniers \u00e9v\u00e9nements\u00a0\u00bb font_container=\u00a0\u00bbtag:p|font_size:18px|text_align:center|color:%23ffffff\u00a0\u00bb use_theme_fonts=\u00a0\u00bbyes\u00a0\u00bb css=\u00a0\u00bb\u00a0\u00bb][\/vc_column][\/vc_row][vc_row gap=\u00a0\u00bb15&Prime; equal_height=\u00a0\u00bbyes\u00a0\u00bb css=\u00a0\u00bb.vc_custom_1745404973669{margin-top: 30px !important;}\u00a0\u00bb][vc_column width=\u00a0\u00bb1\/3&Prime; css=\u00a0\u00bb.vc_custom_1745405106350{border-top-width: 1px !important;border-right-width: 1px !important;border-bottom-width: 1px !important;border-left-width: 1px !important;padding-top: 15px !important;padding-right: 15px !important;padding-bottom: 20px !important;padding-left: 15px !important;background-color: #F5F5F5 !important;border-left-style: solid !important;border-right-style: solid !important;border-top-style: solid !important;border-bottom-style: solid !important;border-color: #E5E5E5 !important;}\u00a0\u00bb][vc_single_image image=\u00a0\u00bb2725&Prime; img_size=\u00a0\u00bbfull\u00a0\u00bb alignment=\u00a0\u00bbcenter\u00a0\u00bb onclick=\u00a0\u00bbcustom_link\u00a0\u00bb css=\u00a0\u00bb\u00a0\u00bb link=\u00a0\u00bbhttps:\/\/valiquette.org\/fr\/fete-de-noel-celebration-de-fin-dannee\/\u00a0\u00bb][vc_custom_heading text=\u00a0\u00bbF\u00eate de No\u00ebl &amp; C\u00e9l\u00e9bration de fin d\u2019ann\u00e9e\u00a0\u00bb font_container=\u00a0\u00bbtag:h3|font_size:26px|text_align:left|color:%23222222&Prime; use_theme_fonts=\u00a0\u00bbyes\u00a0\u00bb css=\u00a0\u00bb\u00a0\u00bb link=\u00a0\u00bburl:https%3A%2F%2Fvaliquette.org%2Ffr%2Ffete-de-noel-celebration-de-fin-dannee%2F\u00a0\u00bb][vc_column_text css=\u00a0\u00bb\u00a0\u00bb el_class=\u00a0\u00bbtxt-16&Prime;]La f\u00eate de No\u00ebl est une c\u00e9l\u00e9bration magique qui rassemble les familles dans l\u2019esprit de la saison. Nous ne faisons rien \u00e0 moiti\u00e9\u202f: musique de No\u00ebl, d\u00e9corations festives et&#8230;[\/vc_column_text][mvc_advanced_button btn_text=\u00a0\u00bbVoir plus\u00a0\u00bb padding_top=\u00a0\u00bb15&Prime; padding_left=\u00a0\u00bb50&Prime; btn_size=\u00a0\u00bb16&Prime; icon_size=\u00a0\u00bb16&Prime; use_theme_fonts=\u00a0\u00bbyes\u00a0\u00bb btn_url=\u00a0\u00bburl:https%3A%2F%2Fvaliquette.org%2Ffr%2Ffete-de-noel-celebration-de-fin-dannee%2F\u00a0\u00bb btn_clr=\u00a0\u00bb#FFFFFF\u00a0\u00bb btn_bg=\u00a0\u00bb#A31D36&Prime; btn_hvrclr=\u00a0\u00bb#FFFFFF\u00a0\u00bb btn_hvrbg=\u00a0\u00bb#721425&Prime;][\/vc_column][vc_column width=\u00a0\u00bb1\/3&Prime; css=\u00a0\u00bb.vc_custom_1745405203128{border-top-width: 1px !important;border-right-width: 1px !important;border-bottom-width: 1px !important;border-left-width: 1px !important;padding-top: 15px !important;padding-right: 15px !important;padding-bottom: 20px !important;padding-left: 15px !important;background-color: #F5F5F5 !important;border-left-style: solid !important;border-right-style: solid !important;border-top-style: solid !important;border-bottom-style: solid !important;border-color: #E5E5E5 !important;}\u00a0\u00bb][vc_single_image image=\u00a0\u00bb2715&Prime; img_size=\u00a0\u00bbfull\u00a0\u00bb alignment=\u00a0\u00bbcenter\u00a0\u00bb onclick=\u00a0\u00bbcustom_link\u00a0\u00bb css=\u00a0\u00bb\u00a0\u00bb link=\u00a0\u00bbhttps:\/\/valiquette.org\/fr\/fete-de-lhalloween\/\u00a0\u00bb][vc_custom_heading text=\u00a0\u00bbF\u00eate de l\u2019Halloween\u00a0\u00bb font_container=\u00a0\u00bbtag:h3|font_size:26px|text_align:left|color:%23222222&Prime; use_theme_fonts=\u00a0\u00bbyes\u00a0\u00bb css=\u00a0\u00bb\u00a0\u00bb link=\u00a0\u00bburl:https%3A%2F%2Fvaliquette.org%2Ffr%2Ffete-de-lhalloween%2F\u00a0\u00bb][vc_column_text css=\u00a0\u00bb\u00a0\u00bb el_class=\u00a0\u00bbtxt-16&Prime;]\u00c9v\u00e9nement familial par excellence rempli de plaisir, de jeux et d\u2019engagement communautaire, la F\u00eate de l\u2019Halloween rassemble des gens issus de milieux vari\u00e9s. Tout notre personnel se d\u00e9guise, distribue&#8230;[\/vc_column_text][mvc_advanced_button btn_text=\u00a0\u00bbVoir plus\u00a0\u00bb padding_top=\u00a0\u00bb15&Prime; padding_left=\u00a0\u00bb50&Prime; btn_size=\u00a0\u00bb16&Prime; icon_size=\u00a0\u00bb16&Prime; use_theme_fonts=\u00a0\u00bbyes\u00a0\u00bb btn_url=\u00a0\u00bburl:https%3A%2F%2Fvaliquette.org%2Ffr%2Ffete-de-lhalloween%2F\u00a0\u00bb btn_clr=\u00a0\u00bb#FFFFFF\u00a0\u00bb btn_bg=\u00a0\u00bb#A31D36&Prime; btn_hvrclr=\u00a0\u00bb#FFFFFF\u00a0\u00bb btn_hvrbg=\u00a0\u00bb#721425&Prime;][\/vc_column][vc_column width=\u00a0\u00bb1\/3&Prime; css=\u00a0\u00bb.vc_custom_1745405684005{border-top-width: 1px !important;border-right-width: 1px !important;border-bottom-width: 1px !important;border-left-width: 1px !important;padding-top: 15px !important;padding-right: 15px !important;padding-bottom: 20px !important;padding-left: 15px !important;background-color: #F5F5F5 !important;border-left-style: solid !important;border-right-style: solid !important;border-top-style: solid !important;border-bottom-style: solid !important;border-color: #E5E5E5 !important;}\u00a0\u00bb][vc_single_image image=\u00a0\u00bb2712&Prime; img_size=\u00a0\u00bbfull\u00a0\u00bb alignment=\u00a0\u00bbcenter\u00a0\u00bb onclick=\u00a0\u00bbcustom_link\u00a0\u00bb css=\u00a0\u00bb\u00a0\u00bb link=\u00a0\u00bbhttps:\/\/valiquette.org\/fr\/chorale-hebdomadaire-a-la-fondation-valiquette\/\u00a0\u00bb][vc_custom_heading text=\u00a0\u00bbChorale hebdomadaire \u00e0 la Fondation Valiquette\u00a0\u00bb font_container=\u00a0\u00bbtag:h3|font_size:26px|text_align:left|color:%23222222&Prime; use_theme_fonts=\u00a0\u00bbyes\u00a0\u00bb css=\u00a0\u00bb\u00a0\u00bb link=\u00a0\u00bburl:https%3A%2F%2Fvaliquette.org%2Ffr%2Fchorale-hebdomadaire-a-la-fondation-valiquette%2F\u00a0\u00bb][vc_column_text css=\u00a0\u00bb\u00a0\u00bb el_class=\u00a0\u00bbtxt-16&Prime;]Notre programme hebdomadaire de chorale r\u00e9unit enfants et parents autour de la joie de la musique. Il cr\u00e9e un espace chaleureux o\u00f9 les familles peuvent se retrouver, participer&#8230;[\/vc_column_text][mvc_advanced_button btn_text=\u00a0\u00bbVoir plus\u00a0\u00bb padding_top=\u00a0\u00bb15&Prime; padding_left=\u00a0\u00bb50&Prime; btn_size=\u00a0\u00bb16&Prime; icon_size=\u00a0\u00bb16&Prime; use_theme_fonts=\u00a0\u00bbyes\u00a0\u00bb btn_url=\u00a0\u00bburl:https%3A%2F%2Fvaliquette.org%2Ffr%2Fchorale-hebdomadaire-a-la-fondation-valiquette%2F\u00a0\u00bb btn_clr=\u00a0\u00bb#FFFFFF\u00a0\u00bb btn_bg=\u00a0\u00bb#A31D36&Prime; btn_hvrclr=\u00a0\u00bb#FFFFFF\u00a0\u00bb btn_hvrbg=\u00a0\u00bb#721425&Prime;][\/vc_column][\/vc_row][vc_row gap=\u00a0\u00bb15&Prime; equal_height=\u00a0\u00bbyes\u00a0\u00bb][vc_column width=\u00a0\u00bb1\/3&Prime; css=\u00a0\u00bb.vc_custom_1745405106350{border-top-width: 1px !important;border-right-width: 1px !important;border-bottom-width: 1px !important;border-left-width: 1px !important;padding-top: 15px !important;padding-right: 15px !important;padding-bottom: 20px !important;padding-left: 15px !important;background-color: #F5F5F5 !important;border-left-style: solid !important;border-right-style: solid !important;border-top-style: solid !important;border-bottom-style: solid !important;border-color: #E5E5E5 !important;}\u00a0\u00bb][vc_single_image image=\u00a0\u00bb2707&Prime; img_size=\u00a0\u00bbfull\u00a0\u00bb alignment=\u00a0\u00bbcenter\u00a0\u00bb onclick=\u00a0\u00bbcustom_link\u00a0\u00bb css=\u00a0\u00bb\u00a0\u00bb link=\u00a0\u00bbhttps:\/\/valiquette.org\/fr\/cours-de-certification-rcr-et-dea-de-10-heures-de-st-john-ambulance\/\u00a0\u00bb][vc_custom_heading text=\u00a0\u00bbCours de certification RCR et DEA de 10 heures de St. John Ambulance\u00a0\u00bb font_container=\u00a0\u00bbtag:h3|font_size:26px|text_align:left|color:%23222222&Prime; use_theme_fonts=\u00a0\u00bbyes\u00a0\u00bb css=\u00a0\u00bb\u00a0\u00bb link=\u00a0\u00bburl:https%3A%2F%2Fvaliquette.org%2Ffr%2Fcours-de-certification-rcr-et-dea-de-10-heures-de-st-john-ambulance%2F\u00a0\u00bb][vc_column_text css=\u00a0\u00bb\u00a0\u00bb el_class=\u00a0\u00bbtxt-16&Prime;]Ce cours complet et pratique offre une formation de sauvetage en r\u00e9animation cardio-respiratoire (RCR) et l\u2019utilisation d\u2019un d\u00e9fibrillateur externe automatis\u00e9 (DEA).[\/vc_column_text][mvc_advanced_button btn_text=\u00a0\u00bbVoir plus\u00a0\u00bb padding_top=\u00a0\u00bb15&Prime; padding_left=\u00a0\u00bb50&Prime; btn_size=\u00a0\u00bb16&Prime; icon_size=\u00a0\u00bb16&Prime; use_theme_fonts=\u00a0\u00bbyes\u00a0\u00bb btn_url=\u00a0\u00bburl:https%3A%2F%2Fvaliquette.org%2Ffr%2Fcours-de-certification-rcr-et-dea-de-10-heures-de-st-john-ambulance%2F\u00a0\u00bb btn_clr=\u00a0\u00bb#FFFFFF\u00a0\u00bb btn_bg=\u00a0\u00bb#A31D36&Prime; btn_hvrclr=\u00a0\u00bb#FFFFFF\u00a0\u00bb btn_hvrbg=\u00a0\u00bb#721425&Prime;][\/vc_column][vc_column width=\u00a0\u00bb1\/3&Prime; css=\u00a0\u00bb.vc_custom_1745405203128{border-top-width: 1px !important;border-right-width: 1px !important;border-bottom-width: 1px !important;border-left-width: 1px !important;padding-top: 15px !important;padding-right: 15px !important;padding-bottom: 20px !important;padding-left: 15px !important;background-color: #F5F5F5 !important;border-left-style: solid !important;border-right-style: solid !important;border-top-style: solid !important;border-bottom-style: solid !important;border-color: #E5E5E5 !important;}\u00a0\u00bb][vc_single_image image=\u00a0\u00bb2696&Prime; img_size=\u00a0\u00bbfull\u00a0\u00bb alignment=\u00a0\u00bbcenter\u00a0\u00bb onclick=\u00a0\u00bbcustom_link\u00a0\u00bb css=\u00a0\u00bb\u00a0\u00bb link=\u00a0\u00bbhttps:\/\/valiquette.org\/fr\/la-grande-distribution-dordinateurs-reduire-la-fracture-numerique\/\u00a0\u00bb][vc_custom_heading text=\u00a0\u00bbLa Grande Distribution d\u2019Ordinateurs : R\u00e9duire la fracture num\u00e9rique\u00a0\u00bb font_container=\u00a0\u00bbtag:h3|font_size:26px|text_align:left|color:%23222222&Prime; use_theme_fonts=\u00a0\u00bbyes\u00a0\u00bb css=\u00a0\u00bb\u00a0\u00bb link=\u00a0\u00bburl:https%3A%2F%2Fvaliquette.org%2Ffr%2Fla-grande-distribution-dordinateurs-reduire-la-fracture-numerique%2F\u00a0\u00bb][vc_column_text css=\u00a0\u00bb\u00a0\u00bb el_class=\u00a0\u00bbtxt-16&Prime;]En collaboration avec la Fondation Dara Faith et 12 b\u00e9n\u00e9voles d\u00e9vou\u00e9s, nous avons lanc\u00e9 La Grande Distribution d\u2019Ordinateurs, offrant 52 ordinateurs \u00e0 des enfants d\u00e9favoris\u00e9s afin&#8230;[\/vc_column_text][mvc_advanced_button btn_text=\u00a0\u00bbVoir plus\u00a0\u00bb padding_top=\u00a0\u00bb15&Prime; padding_left=\u00a0\u00bb50&Prime; btn_size=\u00a0\u00bb16&Prime; icon_size=\u00a0\u00bb16&Prime; use_theme_fonts=\u00a0\u00bbyes\u00a0\u00bb btn_url=\u00a0\u00bburl:https%3A%2F%2Fvaliquette.org%2Ffr%2Fla-grande-distribution-dordinateurs-reduire-la-fracture-numerique%2F\u00a0\u00bb btn_clr=\u00a0\u00bb#FFFFFF\u00a0\u00bb btn_bg=\u00a0\u00bb#A31D36&Prime; btn_hvrclr=\u00a0\u00bb#FFFFFF\u00a0\u00bb btn_hvrbg=\u00a0\u00bb#721425&Prime;][\/vc_column][vc_column width=\u00a0\u00bb1\/3&Prime;][\/vc_column][\/vc_row]<\/p>\n<\/div>","protected":false},"excerpt":{"rendered":"<p>[vc_row full_width=\u00a0\u00bbstretch_row_content\u00a0\u00bb el_id=\u00a0\u00bbhero-2&Prime; css=\u00a0\u00bb.vc_custom_1665674566622{padding-top: 30px !important;padding-bottom: 30px !important;background-color: #a31d36 !important;}\u00a0\u00bb][vc_column][vc_custom_heading text=\u00a0\u00bb\u00c9v\u00e9nements\u00a0\u00bb font_container=\u00a0\u00bbtag:h2|text_align:center|color:%23ffffff\u00a0\u00bb use_theme_fonts=\u00a0\u00bbyes\u00a0\u00bb css=\u00a0\u00bb\u00a0\u00bb][vc_custom_heading text=\u00a0\u00bbVoir &#8230; <a title=\"\u00c9v\u00e9nements\" class=\"read-more\" href=\"https:\/\/valiquette.org\/fr\/evenements\/\" aria-label=\"Read more about \u00c9v\u00e9nements\">Voir plus<\/a><\/p>\n","protected":false},"author":1,"featured_media":0,"parent":0,"menu_order":0,"comment_status":"closed","ping_status":"closed","template":"","meta":{"inline_featured_image":false,"footnotes":""},"class_list":["post-2673","page","type-page","status-publish"],"_links":{"self":[{"href":"https:\/\/valiquette.org\/fr\/wp-json\/wp\/v2\/pages\/2673","targetHints":{"allow":["GET"]}}],"collection":[{"href":"https:\/\/valiquette.org\/fr\/wp-json\/wp\/v2\/pages"}],"about":[{"href":"https:\/\/valiquette.org\/fr\/wp-json\/wp\/v2\/types\/page"}],"author":[{"embeddable":true,"href":"https:\/\/valiquette.org\/fr\/wp-json\/wp\/v2\/users\/1"}],"replies":[{"embeddable":true,"href":"https:\/\/valiquette.org\/fr\/wp-json\/wp\/v2\/comments?post=2673"}],"version-history":[{"count":8,"href":"https:\/\/valiquette.org\/fr\/wp-json\/wp\/v2\/pages\/2673\/revisions"}],"predecessor-version":[{"id":2858,"href":"https:\/\/valiquette.org\/fr\/wp-json\/wp\/v2\/pages\/2673\/revisions\/2858"}],"wp:attachment":[{"href":"https:\/\/valiquette.org\/fr\/wp-json\/wp\/v2\/media?parent=2673"}],"curies":[{"name":"wp","href":"https:\/\/api.w.org\/{rel}","templated":true}]}}