{"id":2674,"date":"2025-04-14T08:18:34","date_gmt":"2025-04-14T12:18:34","guid":{"rendered":"https:\/\/valiquette.org\/?page_id=2674"},"modified":"2025-04-14T08:18:53","modified_gmt":"2025-04-14T12:18:53","slug":"benevoles","status":"publish","type":"page","link":"https:\/\/valiquette.org\/fr\/benevoles\/","title":{"rendered":"B\u00e9n\u00e9voles"},"content":{"rendered":"<div class=\"wpb-content-wrapper\"><p>[vc_row full_width=\u00a0\u00bbstretch_row_content\u00a0\u00bb css=\u00a0\u00bb.vc_custom_1712157591954{padding-top: 10px !important;padding-bottom: 10px !important;background-color: #a31d36 !important;}\u00a0\u00bb][vc_column][vc_custom_heading text=\u00a0\u00bbB\u00e9n\u00e9voles\u00a0\u00bb font_container=\u00a0\u00bbtag:h2|text_align:center|color:%23ffffff\u00a0\u00bb use_theme_fonts=\u00a0\u00bbyes\u00a0\u00bb css=\u00a0\u00bb\u00a0\u00bb][vc_custom_heading text=\u00a0\u00bbLe c\u0153ur de notre organisme de bienfaisance\u00a0\u00bb font_container=\u00a0\u00bbtag:p|font_size:18px|text_align:center|color:%23ffffff\u00a0\u00bb use_theme_fonts=\u00a0\u00bbyes\u00a0\u00bb css=\u00a0\u00bb\u00a0\u00bb][\/vc_column][\/vc_row][vc_row gap=\u00a0\u00bb15&Prime; css=\u00a0\u00bb.vc_custom_1716383536431{margin-top: 50px !important;}\u00a0\u00bb][vc_column width=\u00a0\u00bb1\/2&Prime;][vc_custom_heading text=\u00a0\u00bbLe c\u0153ur de la Fondation Valiquette\u00a0\u00bb font_container=\u00a0\u00bbtag:h3|text_align:left|color:%23a31d36&Prime; use_theme_fonts=\u00a0\u00bbyes\u00a0\u00bb css=\u00a0\u00bb\u00a0\u00bb][vc_column_text css=\u00a0\u00bb.vc_custom_1744633133469{margin-bottom: 15px !important;}\u00a0\u00bb]Les b\u00e9n\u00e9voles sont absolument indispensables au succ\u00e8s de notre organisme.<\/p>\n<p>Sans leur d\u00e9vouement d\u00e9sint\u00e9ress\u00e9 et leur travail acharn\u00e9, nous ne pourrions tout simplement pas fonctionner aussi efficacement ni aider autant de personnes dans le besoin.<\/p>\n<p>Leur temps, leurs efforts et leur passion nous permettent de r\u00e9ellement changer les choses dans la vie de ceux que nous soutenons.<\/p>\n<p>Nous leur sommes profond\u00e9ment reconnaissants pour leur appui constant, et nous ne les remercierons jamais assez d\u2019\u00eatre le pilier de tout ce que nous accomplissons.[\/vc_column_text][\/vc_column][vc_column width=\u00a0\u00bb1\/2&Prime;][vc_single_image image=\u00a0\u00bb2740&Prime; img_size=\u00a0\u00bbfull\u00a0\u00bb alignment=\u00a0\u00bbcenter\u00a0\u00bb css=\u00a0\u00bb\u00a0\u00bb][\/vc_column][\/vc_row][vc_row full_width=\u00a0\u00bbstretch_row\u00a0\u00bb content_placement=\u00a0\u00bbmiddle\u00a0\u00bb css=\u00a0\u00bb.vc_custom_1743514926132{margin-top: 30px !important;padding-top: 30px !important;padding-bottom: 30px !important;background-color: #27397c !important;}\u00a0\u00bb][vc_column][vc_custom_heading text=\u00a0\u00bb\u00ab De temps en temps, en tant que parent, une opportunit\u00e9 se pr\u00e9sente qui a le potentiel d\u2019amener un grand changement positif pour nos enfants. Jay Valiquette et son approche, \u00e0 la fois de l\u2019\u00e9ducation et du mentorat, pour nos enfants et adolescents est l\u2019une des ces rares opportunit\u00e9s. Les \u00e9coles, les gouvernements et les parents devraient faire attention, car l\u2019avenir de la scolarit\u00e9 est illustr\u00e9 par l\u2019enseignement, les paroles et les actions de M. Valiquette. \u00bb\u00a0\u00bb font_container=\u00a0\u00bbtag:h3|font_size:20px|text_align:center|color:%23ffffff|line_height:1.5&Prime; use_theme_fonts=\u00a0\u00bbyes\u00a0\u00bb css=\u00a0\u00bb\u00a0\u00bb el_id=\u00a0\u00bbtxt-400&Prime;][vc_custom_heading text=\u00a0\u00bbDave Mackey, Parent\u00a0\u00bb font_container=\u00a0\u00bbtag:h5|text_align:center|color:%238a9571&Prime; use_theme_fonts=\u00a0\u00bbyes\u00a0\u00bb css=\u00a0\u00bb\u00a0\u00bb][\/vc_column][\/vc_row][vc_row gap=\u00a0\u00bb15&Prime; css=\u00a0\u00bb.vc_custom_1743515397417{margin-top: 30px !important;}\u00a0\u00bb][vc_column][vc_custom_heading text=\u00a0\u00bbEn remerciement \u00e0 nos b\u00e9n\u00e9voles\u00a0\u00bb font_container=\u00a0\u00bbtag:h3|text_align:left|color:%23a31d36&Prime; use_theme_fonts=\u00a0\u00bbyes\u00a0\u00bb css=\u00a0\u00bb\u00a0\u00bb][vc_empty_space height=\u00a0\u00bb30px\u00a0\u00bb][vc_raw_html css=\u00a0\u00bb\u00a0\u00bb]JTNDc3R5bGUlMjB0eXBlJTNEJTIydGV4dCUyRmNzcyUyMiUzRSUwRCUwQS50ZyUyMCUyMCU3QmJvcmRlci1jb2xsYXBzZSUzQWNvbGxhcHNlJTNCYm9yZGVyLXNwYWNpbmclM0EwJTNCJTdEJTBEJTBBLnRnJTIwdGQlN0Jib3JkZXItY29sb3IlM0ElMjNlNWU1ZTUlM0Jib3JkZXItc3R5bGUlM0Fzb2xpZCUzQmJvcmRlci13aWR0aCUzQTFweCUzQmZvbnQtc2l6ZSUzQTE0cHglM0JvdmVyZmxvdyUzQWhpZGRlbiUzQnBhZGRpbmclM0ExMHB4JTNCd29yZC1icmVhayUzQW5vcm1hbCUzQiU3RCUwRCUwQS50ZyUyMHRoJTdCYm9yZGVyLWNvbG9yJTNBJTIzZTVlNWU1JTNCYm9yZGVyLXN0eWxlJTNBc29saWQlM0Jib3JkZXItd2lkdGglM0ExcHglM0Jmb250LXNpemUlM0ExNHB4JTNCb3ZlcmZsb3clM0FoaWRkZW4lM0JwYWRkaW5nJTNBMTBweCUzQndvcmQtYnJlYWslM0Fub3JtYWwlM0IlN0QlMEQlMEEudGclMjAudGctMHBreSU3QmJvcmRlci1jb2xvciUzQWluaGVyaXQlM0J0ZXh0LWFsaWduJTNBbGVmdCUzQnZlcnRpY2FsLWFsaWduJTNBdG9wJTdEJTBEJTBBJTNDJTJGc3R5bGUlM0UlMEQlMEElM0N0YWJsZSUyMGNsYXNzJTNEJTIydGclMjIlM0UlM0N0Ym9keSUzRSUwRCUwQSUyMCUyMCUzQ3RyJTNFJTBEJTBBJTIwJTIwJTIwJTIwJTNDdGQlMjBjbGFzcyUzRCUyMnRnLTBwa3klMjIlM0VBZHJpYW4lMjBTcGFya3MlM0MlMkZ0ZCUzRSUwRCUwQSUyMCUyMCUyMCUyMCUzQ3RkJTIwY2xhc3MlM0QlMjJ0Zy0wcGt5JTIyJTNFQWRyaWFubmElMjBBbHZhcmFkbyUzQyUyRnRkJTNFJTBEJTBBJTIwJTIwJTIwJTIwJTNDdGQlMjBjbGFzcyUzRCUyMnRnLTBwa3klMjIlM0VBa2FzaCUyMEFydW50aGF2YXJhamFoJTNDJTJGdGQlM0UlMEQlMEElMjAlMjAlM0MlMkZ0ciUzRSUwRCUwQSUyMCUyMCUzQ3RyJTNFJTBEJTBBJTIwJTIwJTIwJTIwJTNDdGQlMjBjbGFzcyUzRCUyMnRnLTBwa3klMjIlM0VBbGl6ZWUlMjBBbGV4aWJpY2glM0MlMkZ0ZCUzRSUwRCUwQSUyMCUyMCUyMCUyMCUzQ3RkJTIwY2xhc3MlM0QlMjJ0Zy0wcGt5JTIyJTNFQXJkZW1hcnklMjBTYWxtb24lM0MlMkZ0ZCUzRSUwRCUwQSUyMCUyMCUyMCUyMCUzQ3RkJTIwY2xhc3MlM0QlMjJ0Zy0wcGt5JTIyJTNFQXZyaWwlMjBKb3JxdWUlM0MlMkZ0ZCUzRSUwRCUwQSUyMCUyMCUzQyUyRnRyJTNFJTBEJTBBJTIwJTIwJTNDdHIlM0UlMEQlMEElMjAlMjAlMjAlMjAlM0N0ZCUyMGNsYXNzJTNEJTIydGctMHBreSUyMiUzRUJhcmRhbiUyME5ldXBhbmUlM0MlMkZ0ZCUzRSUwRCUwQSUyMCUyMCUyMCUyMCUzQ3RkJTIwY2xhc3MlM0QlMjJ0Zy0wcGt5JTIyJTNFQ2VjaWxpYSUyMFJvYmVydHMlM0MlMkZ0ZCUzRSUwRCUwQSUyMCUyMCUyMCUyMCUzQ3RkJTIwY2xhc3MlM0QlMjJ0Zy0wcGt5JTIyJTNFQ2lhcmElMjBUaG9tYXMlM0MlMkZ0ZCUzRSUwRCUwQSUyMCUyMCUzQyUyRnRyJTNFJTBEJTBBJTIwJTIwJTNDdHIlM0UlMEQlMEElMjAlMjAlMjAlMjAlM0N0ZCUyMGNsYXNzJTNEJTIydGctMHBreSUyMiUzRURhbmllbCUyMERlJTIwQ2FzdHJvJTNDJTJGdGQlM0UlMEQlMEElMjAlMjAlMjAlMjAlM0N0ZCUyMGNsYXNzJTNEJTIydGctMHBreSUyMiUzRURhcml1cyUyMFJhY3UlM0MlMkZ0ZCUzRSUwRCUwQSUyMCUyMCUyMCUyMCUzQ3RkJTIwY2xhc3MlM0QlMjJ0Zy0wcGt5JTIyJTNFRGl2aW5hJTIwRnVsdSUzQyUyRnRkJTNFJTBEJTBBJTIwJTIwJTNDJTJGdHIlM0UlMEQlMEElMjAlMjAlM0N0ciUzRSUwRCUwQSUyMCUyMCUyMCUyMCUzQ3RkJTIwY2xhc3MlM0QlMjJ0Zy0wcGt5JTIyJTNFRHVzdGluJTIwWnVvJTNDJTJGdGQlM0UlMEQlMEElMjAlMjAlMjAlMjAlM0N0ZCUyMGNsYXNzJTNEJTIydGctMHBreSUyMiUzRUVzaGluJTIwQWZpZiUzQyUyRnRkJTNFJTBEJTBBJTIwJTIwJTIwJTIwJTNDdGQlMjBjbGFzcyUzRCUyMnRnLTBwa3klMjIlM0VGYXJpaGFuJTIwUmFobWFuJTNDJTJGdGQlM0UlMEQlMEElMjAlMjAlM0MlMkZ0ciUzRSUwRCUwQSUyMCUyMCUzQ3RyJTNFJTBEJTBBJTIwJTIwJTIwJTIwJTNDdGQlMjBjbGFzcyUzRCUyMnRnLTBwa3klMjIlM0VGcmFuJUMzJUE3b2lzJTIwQ2hpZW5nJTNDJTJGdGQlM0UlMEQlMEElMjAlMjAlMjAlMjAlM0N0ZCUyMGNsYXNzJTNEJTIydGctMHBreSUyMiUzRUdlbmV2YSUyMFJpY2Ftb250ZSUzQyUyRnRkJTNFJTBEJTBBJTIwJTIwJTIwJTIwJTNDdGQlMjBjbGFzcyUzRCUyMnRnLTBwa3klMjIlM0VIYW5uYWglMjBLZXJraG92ZW4lM0MlMkZ0ZCUzRSUwRCUwQSUyMCUyMCUzQyUyRnRyJTNFJTBEJTBBJTIwJTIwJTNDdHIlM0UlMEQlMEElMjAlMjAlMjAlMjAlM0N0ZCUyMGNsYXNzJTNEJTIydGctMHBreSUyMiUzRUhlbGxlbiUyMEdvbWV6JTNDJTJGdGQlM0UlMEQlMEElMjAlMjAlMjAlMjAlM0N0ZCUyMGNsYXNzJTNEJTIydGctMHBreSUyMiUzRUlicmFoaW0lMjBNb2hhbWVkJTNDJTJGdGQlM0UlMEQlMEElMjAlMjAlMjAlMjAlM0N0ZCUyMGNsYXNzJTNEJTIydGctMHBreSUyMiUzRUphY29iJTIwS2Vya2hvdmVuJTNDJTJGdGQlM0UlMEQlMEElMjAlMjAlM0MlMkZ0ciUzRSUwRCUwQSUyMCUyMCUzQ3RyJTNFJTBEJTBBJTIwJTIwJTIwJTIwJTNDdGQlMjBjbGFzcyUzRCUyMnRnLTBwa3klMjIlM0VKYW1lcyUyMEtlcmtob3ZlbiUzQyUyRnRkJTNFJTBEJTBBJTIwJTIwJTIwJTIwJTNDdGQlMjBjbGFzcyUzRCUyMnRnLTBwa3klMjIlM0VKYW1lcyUyMFZpbGxhJTNDJTJGdGQlM0UlMEQlMEElMjAlMjAlMjAlMjAlM0N0ZCUyMGNsYXNzJTNEJTIydGctMHBreSUyMiUzRUphc29uJTIwU3RhZHRsYW5kZXIlM0MlMkZ0ZCUzRSUwRCUwQSUyMCUyMCUzQyUyRnRyJTNFJTBEJTBBJTIwJTIwJTNDdHIlM0UlMEQlMEElMjAlMjAlMjAlMjAlM0N0ZCUyMGNsYXNzJTNEJTIydGctMHBreSUyMiUzRUpheW1lZSUyMENhcnJlb24lM0MlMkZ0ZCUzRSUwRCUwQSUyMCUyMCUyMCUyMCUzQ3RkJTIwY2xhc3MlM0QlMjJ0Zy0wcGt5JTIyJTNFSmV2b250ZSUyMFNlbmlvciUzQyUyRnRkJTNFJTBEJTBBJTIwJTIwJTIwJTIwJTNDdGQlMjBjbGFzcyUzRCUyMnRnLTBwa3klMjIlM0VKZXNzaWNhJTIwTGl1JTNDJTJGdGQlM0UlMEQlMEElMjAlMjAlM0MlMkZ0ciUzRSUwRCUwQSUyMCUyMCUzQ3RyJTNFJTBEJTBBJTIwJTIwJTIwJTIwJTNDdGQlMjBjbGFzcyUzRCUyMnRnLTBwa3klMjIlM0VLYXRoYWx5biUyMExhY2FkZW4lM0MlMkZ0ZCUzRSUwRCUwQSUyMCUyMCUyMCUyMCUzQ3RkJTIwY2xhc3MlM0QlMjJ0Zy0wcGt5JTIyJTNFS2Vtcm9uJTIwRWR3YXJkcyUzQyUyRnRkJTNFJTBEJTBBJTIwJTIwJTIwJTIwJTNDdGQlMjBjbGFzcyUzRCUyMnRnLTBwa3klMjIlM0VLdW4lMjBUYW8lMjBUYW4lM0MlMkZ0ZCUzRSUwRCUwQSUyMCUyMCUzQyUyRnRyJTNFJTBEJTBBJTIwJTIwJTNDdHIlM0UlMEQlMEElMjAlMjAlMjAlMjAlM0N0ZCUyMGNsYXNzJTNEJTIydGctMHBreSUyMiUzRUxpYW5hJTIwQ3VhcmVzbWElM0MlMkZ0ZCUzRSUwRCUwQSUyMCUyMCUyMCUyMCUzQ3RkJTIwY2xhc3MlM0QlMjJ0Zy0wcGt5JTIyJTNFTGllbCUyMERhd2l0JTNDJTJGdGQlM0UlMEQlMEElMjAlMjAlMjAlMjAlM0N0ZCUyMGNsYXNzJTNEJTIydGctMHBreSUyMiUzRUxpbmFsZCUyMEZveCUzQyUyRnRkJTNFJTBEJTBBJTIwJTIwJTNDJTJGdHIlM0UlMEQlMEElMjAlMjAlM0N0ciUzRSUwRCUwQSUyMCUyMCUyMCUyMCUzQ3RkJTIwY2xhc3MlM0QlMjJ0Zy0wcGt5JTIyJTNFTG9jZWxsZSUyMFZpbGxhciUzQyUyRnRkJTNFJTBEJTBBJTIwJTIwJTIwJTIwJTNDdGQlMjBjbGFzcyUzRCUyMnRnLTBwa3klMjIlM0VMb3ZpbnMlMjBTdC1Mb3VpcyUzQyUyRnRkJTNFJTBEJTBBJTIwJTIwJTIwJTIwJTNDdGQlMjBjbGFzcyUzRCUyMnRnLTBwa3klMjIlM0VMdWN5bGxlJTIwVmlsb3JpYSUzQyUyRnRkJTNFJTBEJTBBJTIwJTIwJTNDJTJGdHIlM0UlMEQlMEElMjAlMjAlM0N0ciUzRSUwRCUwQSUyMCUyMCUyMCUyMCUzQ3RkJTIwY2xhc3MlM0QlMjJ0Zy0wcGt5JTIyJTNFTWFyaWElMjBIdWRhJTNDJTJGdGQlM0UlMEQlMEElMjAlMjAlMjAlMjAlM0N0ZCUyMGNsYXNzJTNEJTIydGctMHBreSUyMiUzRU1hcmlhJTIwTmtvbmdvJTNDJTJGdGQlM0UlMEQlMEElMjAlMjAlMjAlMjAlM0N0ZCUyMGNsYXNzJTNEJTIydGctMHBreSUyMiUzRU5haGltYSUyMFNpbGVzJTNDJTJGdGQlM0UlMEQlMEElMjAlMjAlM0MlMkZ0ciUzRSUwRCUwQSUyMCUyMCUzQ3RyJTNFJTBEJTBBJTIwJTIwJTIwJTIwJTNDdGQlMjBjbGFzcyUzRCUyMnRnLTBwa3klMjIlM0VOaWtraSUyMERlbGdhZG8lM0MlMkZ0ZCUzRSUwRCUwQSUyMCUyMCUyMCUyMCUzQ3RkJTIwY2xhc3MlM0QlMjJ0Zy0wcGt5JTIyJTNFTm9haCUyMEx1Z2Fzc3klM0MlMkZ0ZCUzRSUwRCUwQSUyMCUyMCUyMCUyMCUzQ3RkJTIwY2xhc3MlM0QlMjJ0Zy0wcGt5JTIyJTNFTnlrb2xlJTIwQ29ydGV6JTNDJTJGdGQlM0UlMEQlMEElMjAlMjAlM0MlMkZ0ciUzRSUwRCUwQSUyMCUyMCUzQ3RyJTNFJTBEJTBBJTIwJTIwJTIwJTIwJTNDdGQlMjBjbGFzcyUzRCUyMnRnLTBwa3klMjIlM0VSYWNoZWwlMjBTdGFkdGxhbmRlciUzQyUyRnRkJTNFJTBEJTBBJTIwJTIwJTIwJTIwJTNDdGQlMjBjbGFzcyUzRCUyMnRnLTBwa3klMjIlM0VTYXJ0YWgtS2F0ZSUyMENhcnJlcmElM0MlMkZ0ZCUzRSUwRCUwQSUyMCUyMCUyMCUyMCUzQ3RkJTIwY2xhc3MlM0QlMjJ0Zy0wcGt5JTIyJTNFU2hhcm9uJTIwTWFndGliYXklM0MlMkZ0ZCUzRSUwRCUwQSUyMCUyMCUzQyUyRnRyJTNFJTBEJTBBJTIwJTIwJTNDdHIlM0UlMEQlMEElMjAlMjAlMjAlMjAlM0N0ZCUyMGNsYXNzJTNEJTIydGctMHBreSUyMiUzRVN1aGFpbGElMjBGZXJkb3VzJTNDJTJGdGQlM0UlMEQlMEElMjAlMjAlMjAlMjAlM0N0ZCUyMGNsYXNzJTNEJTIydGctMHBreSUyMiUzRVN5ZG5leSUyMFdhc3Nlcm1hbiUzQyUyRnRkJTNFJTBEJTBBJTIwJTIwJTIwJTIwJTNDdGQlMjBjbGFzcyUzRCUyMnRnLTBwa3klMjIlM0VUYWhzaW51ciUyMFJhaG1hbiUzQyUyRnRkJTNFJTBEJTBBJTIwJTIwJTNDJTJGdHIlM0UlMEQlMEElMjAlMjAlM0N0ciUzRSUwRCUwQSUyMCUyMCUyMCUyMCUzQ3RkJTIwY2xhc3MlM0QlMjJ0Zy0wcGt5JTIyJTNFVGFqd2FyJTIwQ2hvd2RodXJ5JTNDJTJGdGQlM0UlMEQlMEElMjAlMjAlMjAlMjAlM0N0ZCUyMGNsYXNzJTNEJTIydGctMHBreSUyMiUzRVRpbmElMjBUcmFuJTNDJTJGdGQlM0UlMEQlMEElMjAlMjAlMjAlMjAlM0N0ZCUyMGNsYXNzJTNEJTIydGctMHBreSUyMiUzRVZheiUyMFpvdWJyaSUzQyUyRnRkJTNFJTBEJTBBJTIwJTIwJTNDJTJGdHIlM0UlMEQlMEElMjAlMjAlM0N0ciUzRSUwRCUwQSUyMCUyMCUyMCUyMCUzQ3RkJTIwY2xhc3MlM0QlMjJ0Zy0wcGt5JTIyJTNFWGlhJTIwVGlhbiUyMFNoZW5nJTNDJTJGdGQlM0UlMEQlMEElMjAlMjAlMjAlMjAlM0N0ZCUyMGNsYXNzJTNEJTIydGctMHBreSUyMiUzRVlhcmluYSUyME1pdGl0ZWx1JTNDJTJGdGQlM0UlMEQlMEElMjAlMjAlMjAlMjAlM0N0ZCUyMGNsYXNzJTNEJTIydGctMHBreSUyMiUzRVphaWRvbiUyMEhhcnJ5JTNDJTJGdGQlM0UlMEQlMEElMjAlMjAlM0MlMkZ0ciUzRSUwRCUwQSUyMCUyMCUzQ3RyJTNFJTBEJTBBJTIwJTIwJTIwJTIwJTNDdGQlMjBjbGFzcyUzRCUyMnRnLTBwa3klMjIlM0Vab3JhbmElMjBEZWJlbGprb3ZpYyUzQyUyRnRkJTNFJTBEJTBBJTIwJTIwJTIwJTIwJTNDdGQlMjBjbGFzcyUzRCUyMnRnLTBwa3klMjIlM0UlM0MlMkZ0ZCUzRSUwRCUwQSUyMCUyMCUyMCUyMCUzQ3RkJTIwY2xhc3MlM0QlMjJ0Zy0wcGt5JTIyJTNFJTNDJTJGdGQlM0UlMEQlMEElMjAlMjAlM0MlMkZ0ciUzRSUwRCUwQSUzQyUyRnRib2R5JTNFJTNDJTJGdGFibGUlM0U=[\/vc_raw_html][\/vc_column][\/vc_row][vc_row][vc_column width=\u00a0\u00bb1\/6&Prime;][\/vc_column][vc_column width=\u00a0\u00bb2\/3&Prime;][vc_single_image image=\u00a0\u00bb2743&Prime; img_size=\u00a0\u00bbfull\u00a0\u00bb alignment=\u00a0\u00bbcenter\u00a0\u00bb css=\u00a0\u00bb.vc_custom_1744632913979{margin-bottom: 15px !important;}\u00a0\u00bb][vc_column_text css=\u00a0\u00bb\u00a0\u00bb]<\/p>\n<p style=\"text-align: center;\"><small style=\"text-align: center;\">Un grand merci \u00e0 nos b\u00e9n\u00e9voles exceptionnels pour tout leur soutien lors de notre collecte de fonds de trois jours \u00e0 IGA !<\/small><\/p>\n<p>[\/vc_column_text][\/vc_column][vc_column width=\u00a0\u00bb1\/6&Prime;][\/vc_column][\/vc_row][vc_row full_width=\u00a0\u00bbstretch_row\u00a0\u00bb content_placement=\u00a0\u00bbmiddle\u00a0\u00bb css=\u00a0\u00bb.vc_custom_1716383076979{margin-top: 50px !important;padding-top: 30px !important;padding-bottom: 30px !important;background-color: #a31d36 !important;}\u00a0\u00bb][vc_column][vc_custom_heading text=\u00a0\u00bb\u00ab Mes enfants (trois d\u2019entre eux) ont tous pass\u00e9 beaucoup de temps avec Jay et il a eu un effet profond sur leur force physique et \u00e9motionnelle ainsi que sur leur caract\u00e8re. \u00c0 ce jour, ils continuent d\u2019exceller dans leurs \u00e9tudes et leur athl\u00e9tisme. Ils ne seraient pas les m\u00eames que ceux qu\u2019ils sont aujourd\u2019hui, s\u2019ils n\u2019avaient pas eu de temps avec Jay \u2026 sans aucun doute. \u00bb\u00a0\u00bb font_container=\u00a0\u00bbtag:h3|font_size:20px|text_align:center|color:%23ffffff|line_height:1.5&Prime; use_theme_fonts=\u00a0\u00bbyes\u00a0\u00bb css=\u00a0\u00bb\u00a0\u00bb][vc_custom_heading text=\u00a0\u00bbAaron Fraser, Parent\u00a0\u00bb font_container=\u00a0\u00bbtag:h5|text_align:center|color:%238a9571&Prime; use_theme_fonts=\u00a0\u00bbyes\u00a0\u00bb css=\u00a0\u00bb\u00a0\u00bb][\/vc_column][\/vc_row][vc_row gap=\u00a0\u00bb15&Prime; css=\u00a0\u00bb.vc_custom_1743522703106{margin-top: 30px !important;}\u00a0\u00bb][vc_column][vc_custom_heading text=\u00a0\u00bbB\u00e9n\u00e9voles du camp d\u2019\u00e9t\u00e9 avec leurs certificats\u00a0\u00bb font_container=\u00a0\u00bbtag:h3|text_align:center|color:%23a31d36&Prime; use_theme_fonts=\u00a0\u00bbyes\u00a0\u00bb css=\u00a0\u00bb\u00a0\u00bb][vc_row_inner css=\u00a0\u00bb.vc_custom_1743522708969{margin-top: 30px !important;}\u00a0\u00bb][vc_column_inner width=\u00a0\u00bb1\/3&Prime;][vc_single_image image=\u00a0\u00bb2747&Prime; img_size=\u00a0\u00bbfull\u00a0\u00bb alignment=\u00a0\u00bbcenter\u00a0\u00bb css=\u00a0\u00bb\u00a0\u00bb][vc_column_text css=\u00a0\u00bb\u00a0\u00bb el_class=\u00a0\u00bbtxt-15&Prime;]<\/p>\n<p style=\"text-align: center;\">Reconnaissants envers nos b\u00e9n\u00e9voles, dont certains ont donn\u00e9 jusqu&rsquo;\u00e0 420 heures en 9 semaines, pour leur incroyable d\u00e9vouement.<\/p>\n<p>[\/vc_column_text][\/vc_column_inner][vc_column_inner width=\u00a0\u00bb1\/3&Prime;][vc_single_image image=\u00a0\u00bb2748&Prime; img_size=\u00a0\u00bbfull\u00a0\u00bb alignment=\u00a0\u00bbcenter\u00a0\u00bb css=\u00a0\u00bb\u00a0\u00bb][vc_column_text css=\u00a0\u00bb\u00a0\u00bb el_class=\u00a0\u00bbtxt-15&Prime;]<\/p>\n<p style=\"text-align: center;\">Tellement fiers de nos incroyables b\u00e9n\u00e9voles, \u00e2g\u00e9s de 15 \u00e0 26 ans, qui ont, non seulement, donn\u00e9 de leur temps cet \u00e9t\u00e9, mais ont \u00e9galement compl\u00e9t\u00e9 leur certificat en finance chez McGill &#8211; Vraiment impressionnant !<\/p>\n<p>[\/vc_column_text][\/vc_column_inner][vc_column_inner width=\u00a0\u00bb1\/3&Prime;][vc_single_image image=\u00a0\u00bb2749&Prime; img_size=\u00a0\u00bbfull\u00a0\u00bb alignment=\u00a0\u00bbcenter\u00a0\u00bb css=\u00a0\u00bb\u00a0\u00bb][vc_column_text css=\u00a0\u00bb\u00a0\u00bb el_class=\u00a0\u00bbtxt-15&Prime;]<\/p>\n<p style=\"text-align: center;\">Nykole, tenant fi\u00e8rement ses certificats de b\u00e9n\u00e9vole et de finance chez McGill, entour\u00e9e de sa merveilleuse famille.<\/p>\n<p>[\/vc_column_text][\/vc_column_inner][\/vc_row_inner][\/vc_column][\/vc_row]<\/p>\n<\/div>","protected":false},"excerpt":{"rendered":"<p>[vc_row full_width=\u00a0\u00bbstretch_row_content\u00a0\u00bb css=\u00a0\u00bb.vc_custom_1712157591954{padding-top: 10px !important;padding-bottom: 10px !important;background-color: #a31d36 !important;}\u00a0\u00bb][vc_column][vc_custom_heading text=\u00a0\u00bbB\u00e9n\u00e9voles\u00a0\u00bb font_container=\u00a0\u00bbtag:h2|text_align:center|color:%23ffffff\u00a0\u00bb use_theme_fonts=\u00a0\u00bbyes\u00a0\u00bb css=\u00a0\u00bb\u00a0\u00bb][vc_custom_heading text=\u00a0\u00bbLe c\u0153ur &#8230; <a title=\"B\u00e9n\u00e9voles\" class=\"read-more\" href=\"https:\/\/valiquette.org\/fr\/benevoles\/\" aria-label=\"Read more about B\u00e9n\u00e9voles\">Voir plus<\/a><\/p>\n","protected":false},"author":1,"featured_media":0,"parent":0,"menu_order":0,"comment_status":"closed","ping_status":"closed","template":"","meta":{"inline_featured_image":false,"footnotes":""},"class_list":["post-2674","page","type-page","status-publish"],"_links":{"self":[{"href":"https:\/\/valiquette.org\/fr\/wp-json\/wp\/v2\/pages\/2674","targetHints":{"allow":["GET"]}}],"collection":[{"href":"https:\/\/valiquette.org\/fr\/wp-json\/wp\/v2\/pages"}],"about":[{"href":"https:\/\/valiquette.org\/fr\/wp-json\/wp\/v2\/types\/page"}],"author":[{"embeddable":true,"href":"https:\/\/valiquette.org\/fr\/wp-json\/wp\/v2\/users\/1"}],"replies":[{"embeddable":true,"href":"https:\/\/valiquette.org\/fr\/wp-json\/wp\/v2\/comments?post=2674"}],"version-history":[{"count":7,"href":"https:\/\/valiquette.org\/fr\/wp-json\/wp\/v2\/pages\/2674\/revisions"}],"predecessor-version":[{"id":2751,"href":"https:\/\/valiquette.org\/fr\/wp-json\/wp\/v2\/pages\/2674\/revisions\/2751"}],"wp:attachment":[{"href":"https:\/\/valiquette.org\/fr\/wp-json\/wp\/v2\/media?parent=2674"}],"curies":[{"name":"wp","href":"https:\/\/api.w.org\/{rel}","templated":true}]}}