{"id":2754,"date":"2025-04-14T08:27:51","date_gmt":"2025-04-14T12:27:51","guid":{"rendered":"https:\/\/valiquette.org\/?page_id=2681"},"modified":"2025-04-14T08:27:51","modified_gmt":"2025-04-14T12:27:51","slug":"introduction","status":"publish","type":"page","link":"https:\/\/valiquette.org\/fr\/introduction\/","title":{"rendered":"Introduction"},"content":{"rendered":"<div class=\"wpb-content-wrapper\"><p>[vc_row full_width=\u00a0\u00bbstretch_row_content\u00a0\u00bb css=\u00a0\u00bb.vc_custom_1712157591954{padding-top: 10px !important;padding-bottom: 10px !important;background-color: #a31d36 !important;}\u00a0\u00bb][vc_column][vc_custom_heading text=\u00a0\u00bbIntroduction\u00a0\u00bb font_container=\u00a0\u00bbtag:h2|text_align:center|color:%23ffffff\u00a0\u00bb use_theme_fonts=\u00a0\u00bbyes\u00a0\u00bb css=\u00a0\u00bb\u00a0\u00bb][vc_custom_heading text=\u00a0\u00bbEngagement Communautaire\u00a0\u00bb font_container=\u00a0\u00bbtag:p|font_size:18px|text_align:center|color:%23ffffff\u00a0\u00bb use_theme_fonts=\u00a0\u00bbyes\u00a0\u00bb css=\u00a0\u00bb\u00a0\u00bb][\/vc_column][\/vc_row][vc_row gap=\u00a0\u00bb15&Prime; css=\u00a0\u00bb.vc_custom_1716383536431{margin-top: 50px !important;}\u00a0\u00bb][vc_column width=\u00a0\u00bb1\/2&Prime;][vc_custom_heading text=\u00a0\u00bbRenforcer les communaut\u00e9s gr\u00e2ce \u00e0 une sensibilisation significative\u00a0\u00bb font_container=\u00a0\u00bbtag:h3|text_align:left|color:%23a31d36&Prime; use_theme_fonts=\u00a0\u00bbyes\u00a0\u00bb css=\u00a0\u00bb\u00a0\u00bb][vc_column_text css=\u00a0\u00bb.vc_custom_1744633623983{margin-bottom: 15px !important;}\u00a0\u00bb]\u00c0 la Fondation Valiquette, nos \u00e9v\u00e9nements sont bien plus que de simples rassemblements \u2013 ce sont des moments de connexion, d\u2019autonomisation et de c\u00e9l\u00e9bration. Nous croyons fermement en la cr\u00e9ation de v\u00e9ritables opportunit\u00e9s permettant aux gens de se r\u00e9unir, d\u2019apprendre, de grandir et de se soutenir mutuellement, peu importe leur origine.<\/p>\n<p>Chaque \u00e9v\u00e9nement que nous organisons vise \u00e0 briser les barri\u00e8res, b\u00e2tir des ponts et renforcer le sentiment d\u2019appartenance \u00e0 une communaut\u00e9 solide. Nous offrons ces \u00e9v\u00e9nements gratuitement, car nous croyons que la r\u00e9ussite commence par l\u2019acc\u00e8s et les opportunit\u00e9s.[\/vc_column_text][\/vc_column][vc_column width=\u00a0\u00bb1\/2&Prime;][vc_single_image image=\u00a0\u00bb2756&Prime; img_size=\u00a0\u00bbfull\u00a0\u00bb alignment=\u00a0\u00bbcenter\u00a0\u00bb css=\u00a0\u00bb\u00a0\u00bb][\/vc_column][\/vc_row][vc_row][vc_column][vc_column_text css=\u00a0\u00bb\u00a0\u00bb]Et bien que nous travaillions sans rel\u00e2che tout au long de l\u2019ann\u00e9e pour guider nos \u00e9l\u00e8ves vers la r\u00e9ussite, nous savons aussi que s\u2019amuser est essentiel \u2013 surtout pour les jeunes qui s\u2019\u00e9panouissent dans des exp\u00e9riences joyeuses et partag\u00e9es avec leur famille et leurs amis. Joignez-vous \u00e0 nous pour c\u00e9l\u00e9brer ensemble, nous soutenir mutuellement et continuer \u00e0 faire une diff\u00e9rence, un \u00e9v\u00e9nement \u00e0 la fois.[\/vc_column_text][\/vc_column][\/vc_row][vc_row full_width=\u00a0\u00bbstretch_row\u00a0\u00bb content_placement=\u00a0\u00bbmiddle\u00a0\u00bb css=\u00a0\u00bb.vc_custom_1743505351952{margin-top: 30px !important;padding-top: 30px !important;padding-bottom: 30px !important;background-color: #27397c !important;}\u00a0\u00bb][vc_column][vc_custom_heading text=\u00a0\u00bb\u00ab De temps en temps, en tant que parent, une opportunit\u00e9 se pr\u00e9sente qui a le potentiel d\u2019amener un grand changement positif pour nos enfants. Jay Valiquette et son approche, \u00e0 la fois de l\u2019\u00e9ducation et du mentorat, pour nos enfants et adolescents est l\u2019une des ces rares opportunit\u00e9s. Les \u00e9coles, les gouvernements et les parents devraient faire attention, car l\u2019avenir de la scolarit\u00e9 est illustr\u00e9 par l\u2019enseignement, les paroles et les actions de M. Valiquette. \u00bb\u00a0\u00bb font_container=\u00a0\u00bbtag:h3|font_size:20px|text_align:center|color:%23ffffff|line_height:1.5&Prime; use_theme_fonts=\u00a0\u00bbyes\u00a0\u00bb css=\u00a0\u00bb\u00a0\u00bb el_id=\u00a0\u00bbtxt-400&Prime;][vc_custom_heading text=\u00a0\u00bbDave Mackey, Parent\u00a0\u00bb font_container=\u00a0\u00bbtag:h5|text_align:center|color:%238a9571&Prime; use_theme_fonts=\u00a0\u00bbyes\u00a0\u00bb css=\u00a0\u00bb\u00a0\u00bb][\/vc_column][\/vc_row]<\/p>\n<\/div>","protected":false},"excerpt":{"rendered":"<p>[vc_row full_width=\u00a0\u00bbstretch_row_content\u00a0\u00bb css=\u00a0\u00bb.vc_custom_1712157591954{padding-top: 10px !important;padding-bottom: 10px !important;background-color: #a31d36 !important;}\u00a0\u00bb][vc_column][vc_custom_heading text=\u00a0\u00bbIntroduction\u00a0\u00bb font_container=\u00a0\u00bbtag:h2|text_align:center|color:%23ffffff\u00a0\u00bb use_theme_fonts=\u00a0\u00bbyes\u00a0\u00bb css=\u00a0\u00bb\u00a0\u00bb][vc_custom_heading text=\u00a0\u00bbEngagement Communautaire\u00a0\u00bb &#8230; <a title=\"Introduction\" class=\"read-more\" href=\"https:\/\/valiquette.org\/fr\/introduction\/\" aria-label=\"Read more about Introduction\">Voir plus<\/a><\/p>\n","protected":false},"author":1,"featured_media":0,"parent":0,"menu_order":0,"comment_status":"closed","ping_status":"closed","template":"","meta":{"inline_featured_image":false,"footnotes":""},"class_list":["post-2754","page","type-page","status-publish"],"_links":{"self":[{"href":"https:\/\/valiquette.org\/fr\/wp-json\/wp\/v2\/pages\/2754","targetHints":{"allow":["GET"]}}],"collection":[{"href":"https:\/\/valiquette.org\/fr\/wp-json\/wp\/v2\/pages"}],"about":[{"href":"https:\/\/valiquette.org\/fr\/wp-json\/wp\/v2\/types\/page"}],"author":[{"embeddable":true,"href":"https:\/\/valiquette.org\/fr\/wp-json\/wp\/v2\/users\/1"}],"replies":[{"embeddable":true,"href":"https:\/\/valiquette.org\/fr\/wp-json\/wp\/v2\/comments?post=2754"}],"version-history":[{"count":5,"href":"https:\/\/valiquette.org\/fr\/wp-json\/wp\/v2\/pages\/2754\/revisions"}],"predecessor-version":[{"id":2760,"href":"https:\/\/valiquette.org\/fr\/wp-json\/wp\/v2\/pages\/2754\/revisions\/2760"}],"wp:attachment":[{"href":"https:\/\/valiquette.org\/fr\/wp-json\/wp\/v2\/media?parent=2754"}],"curies":[{"name":"wp","href":"https:\/\/api.w.org\/{rel}","templated":true}]}}