{"id":583,"date":"2021-10-07T09:50:55","date_gmt":"2021-10-07T13:50:55","guid":{"rendered":"https:\/\/boutiqueabc.com\/valiquette\/?page_id=583"},"modified":"2024-04-25T15:25:55","modified_gmt":"2024-04-25T19:25:55","slug":"codage-et-ateliers-numeriques","status":"publish","type":"page","link":"https:\/\/valiquette.org\/fr\/codage-et-ateliers-numeriques\/","title":{"rendered":"Codage et Ateliers Num\u00e9riques"},"content":{"rendered":"<div class=\"wpb-content-wrapper\"><p>[vc_row full_width=\u00a0\u00bbstretch_row_content\u00a0\u00bb el_id=\u00a0\u00bbhero-2&Prime; css=\u00a0\u00bb.vc_custom_1665674566622{padding-top: 30px !important;padding-bottom: 30px !important;background-color: #a31d36 !important;}\u00a0\u00bb][vc_column][vc_custom_heading text=\u00a0\u00bbCodage et Ateliers Num\u00e9riques\u00a0\u00bb font_container=\u00a0\u00bbtag:h2|text_align:center|color:%23ffffff\u00a0\u00bb use_theme_fonts=\u00a0\u00bbyes\u00a0\u00bb css=\u00a0\u00bb\u00a0\u00bb][vc_custom_heading text=\u00a0\u00bbAteliers priv\u00e9s digitaux chez Apple!\u00a0\u00bb font_container=\u00a0\u00bbtag:p|font_size:18px|text_align:center|color:%23ffffff\u00a0\u00bb use_theme_fonts=\u00a0\u00bbyes\u00a0\u00bb css=\u00a0\u00bb\u00a0\u00bb][\/vc_column][\/vc_row][vc_row css=\u00a0\u00bb.vc_custom_1633098735708{margin-top: 50px !important;}\u00a0\u00bb][vc_column width=\u00a0\u00bb2\/3&Prime;][vc_custom_heading text=\u00a0\u00bbCodage et Ateliers Num\u00e9riques\u00a0\u00bb font_container=\u00a0\u00bbtag:h3|text_align:left|color:%23a31d36&Prime; use_theme_fonts=\u00a0\u00bbyes\u00a0\u00bb css=\u00a0\u00bb\u00a0\u00bb][vc_custom_heading text=\u00a0\u00bbLa Fondation L\u2019Acad\u00e9mie Valiquette\u00a0\u00bb font_container=\u00a0\u00bbtag:p|font_size:18px|text_align:left|color:%23626a73&Prime; use_theme_fonts=\u00a0\u00bbyes\u00a0\u00bb css=\u00a0\u00bb\u00a0\u00bb][vc_separator color=\u00a0\u00bbcustom\u00a0\u00bb align=\u00a0\u00bbalign_left\u00a0\u00bb border_width=\u00a0\u00bb2&Prime; el_width=\u00a0\u00bb20&Prime; accent_color=\u00a0\u00bb#a31d36&Prime;][vc_column_text css=\u00a0\u00bb\u00a0\u00bb]Une incroyable opportunit\u00e9 pour vos enfants d\u2019en apprendre plus sur l\u2019un des domaines les plus porteurs et en pleine croissance dans les secteurs technologiques et num\u00e9riques.<\/p>\n<p>Les ateliers initieront vos enfants au codage, \u00e0 la robotique, \u00e0 la r\u00e9alisation de posters, de musique, de podcasts et de videos mais aussi \u00e0 la narration num\u00e9rique, ou encore comment cr\u00e9er une application ou comment cr\u00e9er un site web.[\/vc_column_text][\/vc_column][vc_column width=\u00a0\u00bb1\/3&Prime; css=\u00a0\u00bb.vc_custom_1633445475962{background-color: #f9f3de !important;}\u00a0\u00bb][vc_column_text css=\u00a0\u00bb.vc_custom_1714073142995{margin-bottom: 15px !important;}\u00a0\u00bb]<\/p>\n<p style=\"text-align: center;\"><em>\u00ab Mes enfants (trois d\u2019entre eux) ont tous pass\u00e9 beaucoup de temps avec Jay et il a eu un effet profond sur leur force physique et \u00e9motionnelle ainsi que sur leur caract\u00e8re. \u00c0 ce jour, ils continuent d\u2019exceller dans leurs \u00e9tudes et leur athl\u00e9tisme. Ils ne seraient<br \/>\npas les m\u00eames que ceux qu\u2019ils sont aujourd\u2019hui, s\u2019ils n\u2019avaient pas eu de temps avec Jay \u2026 sans aucun doute. \u00bb<\/em><\/p>\n<p>[\/vc_column_text][vc_custom_heading text=\u00a0\u00bbAaron Fraser, Parent\u00a0\u00bb font_container=\u00a0\u00bbtag:p|font_size:18px|text_align:center|color:%23a31d36&Prime; use_theme_fonts=\u00a0\u00bbyes\u00a0\u00bb css=\u00a0\u00bb\u00a0\u00bb el_id=\u00a0\u00bbtxt-700&Prime;][\/vc_column][\/vc_row][vc_row css=\u00a0\u00bb.vc_custom_1633099899244{margin-top: 50px !important;}\u00a0\u00bb][vc_column width=\u00a0\u00bb1\/3&Prime;][vc_single_image image=\u00a0\u00bb585&Prime; img_size=\u00a0\u00bbfull\u00a0\u00bb alignment=\u00a0\u00bbcenter\u00a0\u00bb][\/vc_column][vc_column width=\u00a0\u00bb1\/3&Prime;][vc_single_image image=\u00a0\u00bb586&Prime; img_size=\u00a0\u00bbfull\u00a0\u00bb alignment=\u00a0\u00bbcenter\u00a0\u00bb][\/vc_column][vc_column width=\u00a0\u00bb1\/3&Prime;][vc_single_image image=\u00a0\u00bb587&Prime; img_size=\u00a0\u00bbfull\u00a0\u00bb alignment=\u00a0\u00bbcenter\u00a0\u00bb][\/vc_column][\/vc_row]<\/p>\n<\/div>","protected":false},"excerpt":{"rendered":"<p>[vc_row full_width=\u00a0\u00bbstretch_row_content\u00a0\u00bb el_id=\u00a0\u00bbhero-2&Prime; css=\u00a0\u00bb.vc_custom_1665674566622{padding-top: 30px !important;padding-bottom: 30px !important;background-color: #a31d36 !important;}\u00a0\u00bb][vc_column][vc_custom_heading text=\u00a0\u00bbCodage et Ateliers Num\u00e9riques\u00a0\u00bb font_container=\u00a0\u00bbtag:h2|text_align:center|color:%23ffffff\u00a0\u00bb &#8230; <a title=\"Codage et Ateliers Num\u00e9riques\" class=\"read-more\" href=\"https:\/\/valiquette.org\/fr\/codage-et-ateliers-numeriques\/\" aria-label=\"Read more about Codage et Ateliers Num\u00e9riques\">Voir plus<\/a><\/p>\n","protected":false},"author":1,"featured_media":0,"parent":0,"menu_order":0,"comment_status":"closed","ping_status":"closed","template":"","meta":{"inline_featured_image":false,"footnotes":""},"class_list":["post-583","page","type-page","status-publish"],"_links":{"self":[{"href":"https:\/\/valiquette.org\/fr\/wp-json\/wp\/v2\/pages\/583","targetHints":{"allow":["GET"]}}],"collection":[{"href":"https:\/\/valiquette.org\/fr\/wp-json\/wp\/v2\/pages"}],"about":[{"href":"https:\/\/valiquette.org\/fr\/wp-json\/wp\/v2\/types\/page"}],"author":[{"embeddable":true,"href":"https:\/\/valiquette.org\/fr\/wp-json\/wp\/v2\/users\/1"}],"replies":[{"embeddable":true,"href":"https:\/\/valiquette.org\/fr\/wp-json\/wp\/v2\/comments?post=583"}],"version-history":[{"count":0,"href":"https:\/\/valiquette.org\/fr\/wp-json\/wp\/v2\/pages\/583\/revisions"}],"wp:attachment":[{"href":"https:\/\/valiquette.org\/fr\/wp-json\/wp\/v2\/media?parent=583"}],"curies":[{"name":"wp","href":"https:\/\/api.w.org\/{rel}","templated":true}]}}